{"id":207,"date":"2020-11-15T15:39:35","date_gmt":"2020-11-15T18:39:35","guid":{"rendered":"http:\/\/novosite.ml\/?page_id=207"},"modified":"2021-01-22T16:21:19","modified_gmt":"2021-01-22T19:21:19","slug":"passagens","status":"publish","type":"page","link":"https:\/\/hellostudy.com.br\/hu\/passagens\/","title":{"rendered":"Passagens"},"content":{"rendered":"<p>Forma de pagamento: transfer\u00eancia ou cart\u00e3o de cr\u00e9dito.<br \/>\nTaxa de embarque n\u00e3o inclusa. Valores sujeitos a disponibilidade.<br \/>\n*Valores a partir de e que podem sofrer altera\u00e7\u00f5es.<\/p>\n","protected":false},"excerpt":{"rendered":"<p>Forma de pagamento: transfer\u00eancia ou cart\u00e3o de cr\u00e9dito. Taxa de embarque n\u00e3o inclusa. Valores sujeitos a disponibilidade. *Valores a partir de e que podem sofrer altera\u00e7\u00f5es.<\/p>\n","protected":false},"author":1,"featured_media":1504,"parent":0,"menu_order":0,"comment_status":"closed","ping_status":"closed","template":"","meta":{"_joinchat":[],"footnotes":""},"class_list":["post-207","page","type-page","status-publish","has-post-thumbnail","hentry"],"acf":[],"yoast_head":"<!-- This site is optimized with the Yoast SEO plugin v19.6.1 - https:\/\/yoast.com\/wordpress\/plugins\/seo\/ -->\n<title>Passagens - Hello USA | Interc\u00e2mbio<\/title>\n<meta name=\"robots\" content=\"index, follow, max-snippet:-1, max-image-preview:large, max-video-preview:-1\" \/>\n<link rel=\"canonical\" href=\"https:\/\/hellostudy.com.br\/hu\/passagens\/\" \/>\n<meta property=\"og:locale\" content=\"pt_BR\" \/>\n<meta property=\"og:type\" content=\"article\" \/>\n<meta property=\"og:title\" content=\"Passagens - Hello USA | Interc\u00e2mbio\" \/>\n<meta property=\"og:description\" content=\"Forma de pagamento: transfer\u00eancia ou cart\u00e3o de cr\u00e9dito. Taxa de embarque n\u00e3o inclusa. Valores sujeitos a disponibilidade. *Valores a partir de e que podem sofrer altera\u00e7\u00f5es.\" \/>\n<meta property=\"og:url\" content=\"https:\/\/hellostudy.com.br\/hu\/passagens\/\" \/>\n<meta property=\"og:site_name\" content=\"Hello USA | Interc\u00e2mbio\" \/>\n<meta property=\"article:modified_time\" content=\"2021-01-22T19:21:19+00:00\" \/>\n<meta property=\"og:image\" content=\"https:\/\/hellostudy.com.br\/hu\/wp-content\/uploads\/2020\/12\/Passagens-Hello-Study-Intercambio-USA.png\" \/>\n\t<meta property=\"og:image:width\" content=\"2500\" \/>\n\t<meta property=\"og:image:height\" content=\"2072\" \/>\n\t<meta property=\"og:image:type\" content=\"image\/png\" \/>\n<meta name=\"twitter:card\" content=\"summary_large_image\" \/>\n<script type=\"application\/ld+json\" class=\"yoast-schema-graph\">{\"@context\":\"https:\/\/schema.org\",\"@graph\":[{\"@type\":\"WebPage\",\"@id\":\"https:\/\/hellostudy.com.br\/hu\/passagens\/\",\"url\":\"https:\/\/hellostudy.com.br\/hu\/passagens\/\",\"name\":\"Passagens - Hello USA | Interc\u00e2mbio\",\"isPartOf\":{\"@id\":\"https:\/\/hellostudy.com.br\/hu\/#website\"},\"datePublished\":\"2020-11-15T18:39:35+00:00\",\"dateModified\":\"2021-01-22T19:21:19+00:00\",\"breadcrumb\":{\"@id\":\"https:\/\/hellostudy.com.br\/hu\/passagens\/#breadcrumb\"},\"inLanguage\":\"pt-BR\",\"potentialAction\":[{\"@type\":\"ReadAction\",\"target\":[\"https:\/\/hellostudy.com.br\/hu\/passagens\/\"]}]},{\"@type\":\"BreadcrumbList\",\"@id\":\"https:\/\/hellostudy.com.br\/hu\/passagens\/#breadcrumb\",\"itemListElement\":[{\"@type\":\"ListItem\",\"position\":1,\"name\":\"In\u00edcio\",\"item\":\"https:\/\/hellostudy.com.br\/hu\/\"},{\"@type\":\"ListItem\",\"position\":2,\"name\":\"Passagens\"}]},{\"@type\":\"WebSite\",\"@id\":\"https:\/\/hellostudy.com.br\/hu\/#website\",\"url\":\"https:\/\/hellostudy.com.br\/hu\/\",\"name\":\"Hello USA | Interc\u00e2mbio\",\"description\":\"\",\"potentialAction\":[{\"@type\":\"SearchAction\",\"target\":{\"@type\":\"EntryPoint\",\"urlTemplate\":\"https:\/\/hellostudy.com.br\/hu\/?s={search_term_string}\"},\"query-input\":\"required name=search_term_string\"}],\"inLanguage\":\"pt-BR\"}]}<\/script>\n<!-- \/ Yoast SEO plugin. -->","yoast_head_json":{"title":"Passagens - Hello USA | Interc\u00e2mbio","robots":{"index":"index","follow":"follow","max-snippet":"max-snippet:-1","max-image-preview":"max-image-preview:large","max-video-preview":"max-video-preview:-1"},"canonical":"https:\/\/hellostudy.com.br\/hu\/passagens\/","og_locale":"pt_BR","og_type":"article","og_title":"Passagens - Hello USA | Interc\u00e2mbio","og_description":"Forma de pagamento: transfer\u00eancia ou cart\u00e3o de cr\u00e9dito. Taxa de embarque n\u00e3o inclusa. Valores sujeitos a disponibilidade. *Valores a partir de e que podem sofrer altera\u00e7\u00f5es.","og_url":"https:\/\/hellostudy.com.br\/hu\/passagens\/","og_site_name":"Hello USA | Interc\u00e2mbio","article_modified_time":"2021-01-22T19:21:19+00:00","og_image":[{"width":2500,"height":2072,"url":"https:\/\/hellostudy.com.br\/hu\/wp-content\/uploads\/2020\/12\/Passagens-Hello-Study-Intercambio-USA.png","type":"image\/png"}],"twitter_card":"summary_large_image","schema":{"@context":"https:\/\/schema.org","@graph":[{"@type":"WebPage","@id":"https:\/\/hellostudy.com.br\/hu\/passagens\/","url":"https:\/\/hellostudy.com.br\/hu\/passagens\/","name":"Passagens - Hello USA | Interc\u00e2mbio","isPartOf":{"@id":"https:\/\/hellostudy.com.br\/hu\/#website"},"datePublished":"2020-11-15T18:39:35+00:00","dateModified":"2021-01-22T19:21:19+00:00","breadcrumb":{"@id":"https:\/\/hellostudy.com.br\/hu\/passagens\/#breadcrumb"},"inLanguage":"pt-BR","potentialAction":[{"@type":"ReadAction","target":["https:\/\/hellostudy.com.br\/hu\/passagens\/"]}]},{"@type":"BreadcrumbList","@id":"https:\/\/hellostudy.com.br\/hu\/passagens\/#breadcrumb","itemListElement":[{"@type":"ListItem","position":1,"name":"In\u00edcio","item":"https:\/\/hellostudy.com.br\/hu\/"},{"@type":"ListItem","position":2,"name":"Passagens"}]},{"@type":"WebSite","@id":"https:\/\/hellostudy.com.br\/hu\/#website","url":"https:\/\/hellostudy.com.br\/hu\/","name":"Hello USA | Interc\u00e2mbio","description":"","potentialAction":[{"@type":"SearchAction","target":{"@type":"EntryPoint","urlTemplate":"https:\/\/hellostudy.com.br\/hu\/?s={search_term_string}"},"query-input":"required name=search_term_string"}],"inLanguage":"pt-BR"}]}},"_links":{"self":[{"href":"https:\/\/hellostudy.com.br\/hu\/wp-json\/wp\/v2\/pages\/207","targetHints":{"allow":["GET"]}}],"collection":[{"href":"https:\/\/hellostudy.com.br\/hu\/wp-json\/wp\/v2\/pages"}],"about":[{"href":"https:\/\/hellostudy.com.br\/hu\/wp-json\/wp\/v2\/types\/page"}],"author":[{"embeddable":true,"href":"https:\/\/hellostudy.com.br\/hu\/wp-json\/wp\/v2\/users\/1"}],"replies":[{"embeddable":true,"href":"https:\/\/hellostudy.com.br\/hu\/wp-json\/wp\/v2\/comments?post=207"}],"version-history":[{"count":2,"href":"https:\/\/hellostudy.com.br\/hu\/wp-json\/wp\/v2\/pages\/207\/revisions"}],"predecessor-version":[{"id":1680,"href":"https:\/\/hellostudy.com.br\/hu\/wp-json\/wp\/v2\/pages\/207\/revisions\/1680"}],"wp:featuredmedia":[{"embeddable":true,"href":"https:\/\/hellostudy.com.br\/hu\/wp-json\/wp\/v2\/media\/1504"}],"wp:attachment":[{"href":"https:\/\/hellostudy.com.br\/hu\/wp-json\/wp\/v2\/media?parent=207"}],"curies":[{"name":"wp","href":"https:\/\/api.w.org\/{rel}","templated":true}]}}