{"id":202,"date":"2020-11-15T15:38:14","date_gmt":"2020-11-15T18:38:14","guid":{"rendered":"http:\/\/novosite.ml\/?page_id=202"},"modified":"2021-01-28T16:55:32","modified_gmt":"2021-01-28T19:55:32","slug":"vistos","status":"publish","type":"page","link":"https:\/\/hellostudy.com.br\/hu\/vistos\/","title":{"rendered":"Vistos"},"content":{"rendered":"<p style=\"text-align: center;\">O visto \u00e9 um documento internacionalmente usado para oficializar o direito de permanecer em um territ\u00f3rio ou pa\u00eds. \u00c9 usado por aqueles que n\u00e3o nasceram em determinado lugar e que desejam passar um per\u00edodo ou at\u00e9 mesmo morar definitivamente. Os Estados Unidos s\u00e3o um pa\u00eds que solicita o visto antes da entrada em seu territ\u00f3rio, tanto por avi\u00e3o quanto por navio. Caso haja a necessidade por parte do estudante, a Hello USA d\u00e1 o suporte completo para a obten\u00e7\u00e3o do visto. Os tipos de vistos mais solicitados s\u00e3o os de estudante, turista e trabalho. Confira informa\u00e7\u00f5es sobre esses vistos abaixo<\/p>\n","protected":false},"excerpt":{"rendered":"<p>O visto \u00e9 um documento internacionalmente usado para oficializar o direito de permanecer em um territ\u00f3rio ou pa\u00eds. \u00c9 usado por aqueles que n\u00e3o nasceram em determinado lugar e que desejam passar um per\u00edodo ou at\u00e9 mesmo morar definitivamente. Os Estados Unidos s\u00e3o um pa\u00eds que solicita o visto antes da entrada em seu territ\u00f3rio, &hellip; <a href=\"https:\/\/hellostudy.com.br\/hu\/vistos\/\" class=\"more-link\">Continue reading <span class=\"screen-reader-text\">Vistos<\/span><\/a><\/p>\n","protected":false},"author":1,"featured_media":0,"parent":0,"menu_order":0,"comment_status":"closed","ping_status":"closed","template":"","meta":{"_joinchat":[],"footnotes":""},"class_list":["post-202","page","type-page","status-publish","hentry"],"acf":[],"yoast_head":"<!-- This site is optimized with the Yoast SEO plugin v19.6.1 - https:\/\/yoast.com\/wordpress\/plugins\/seo\/ -->\n<title>Vistos de estudante e turista para os Estados Unidos<\/title>\n<meta name=\"description\" content=\"Conte com a Hello Study para organizar seu processo de visto para os Estados Unidos, seja ele de estudante ou turista\" \/>\n<meta name=\"robots\" content=\"index, follow, max-snippet:-1, max-image-preview:large, max-video-preview:-1\" \/>\n<link rel=\"canonical\" href=\"https:\/\/hellostudy.com.br\/hu\/vistos\/\" \/>\n<meta property=\"og:locale\" content=\"pt_BR\" \/>\n<meta property=\"og:type\" content=\"article\" \/>\n<meta property=\"og:title\" content=\"Vistos de estudante e turista para os Estados Unidos\" \/>\n<meta property=\"og:description\" content=\"Conte com a Hello Study para organizar seu processo de visto para os Estados Unidos, seja ele de estudante ou turista\" \/>\n<meta property=\"og:url\" content=\"https:\/\/hellostudy.com.br\/hu\/vistos\/\" \/>\n<meta property=\"og:site_name\" content=\"Hello USA | Interc\u00e2mbio\" \/>\n<meta property=\"article:modified_time\" content=\"2021-01-28T19:55:32+00:00\" \/>\n<meta name=\"twitter:card\" content=\"summary_large_image\" \/>\n<meta name=\"twitter:label1\" content=\"Est. tempo de leitura\" \/>\n\t<meta name=\"twitter:data1\" content=\"1 minuto\" \/>\n<script type=\"application\/ld+json\" class=\"yoast-schema-graph\">{\"@context\":\"https:\/\/schema.org\",\"@graph\":[{\"@type\":\"WebPage\",\"@id\":\"https:\/\/hellostudy.com.br\/hu\/vistos\/\",\"url\":\"https:\/\/hellostudy.com.br\/hu\/vistos\/\",\"name\":\"Vistos de estudante e turista para os Estados Unidos\",\"isPartOf\":{\"@id\":\"https:\/\/hellostudy.com.br\/hu\/#website\"},\"datePublished\":\"2020-11-15T18:38:14+00:00\",\"dateModified\":\"2021-01-28T19:55:32+00:00\",\"description\":\"Conte com a Hello Study para organizar seu processo de visto para os Estados Unidos, seja ele de estudante ou turista\",\"breadcrumb\":{\"@id\":\"https:\/\/hellostudy.com.br\/hu\/vistos\/#breadcrumb\"},\"inLanguage\":\"pt-BR\",\"potentialAction\":[{\"@type\":\"ReadAction\",\"target\":[\"https:\/\/hellostudy.com.br\/hu\/vistos\/\"]}]},{\"@type\":\"BreadcrumbList\",\"@id\":\"https:\/\/hellostudy.com.br\/hu\/vistos\/#breadcrumb\",\"itemListElement\":[{\"@type\":\"ListItem\",\"position\":1,\"name\":\"In\u00edcio\",\"item\":\"https:\/\/hellostudy.com.br\/hu\/\"},{\"@type\":\"ListItem\",\"position\":2,\"name\":\"Vistos\"}]},{\"@type\":\"WebSite\",\"@id\":\"https:\/\/hellostudy.com.br\/hu\/#website\",\"url\":\"https:\/\/hellostudy.com.br\/hu\/\",\"name\":\"Hello USA | Interc\u00e2mbio\",\"description\":\"\",\"potentialAction\":[{\"@type\":\"SearchAction\",\"target\":{\"@type\":\"EntryPoint\",\"urlTemplate\":\"https:\/\/hellostudy.com.br\/hu\/?s={search_term_string}\"},\"query-input\":\"required name=search_term_string\"}],\"inLanguage\":\"pt-BR\"}]}<\/script>\n<!-- \/ Yoast SEO plugin. -->","yoast_head_json":{"title":"Vistos de estudante e turista para os Estados Unidos","description":"Conte com a Hello Study para organizar seu processo de visto para os Estados Unidos, seja ele de estudante ou turista","robots":{"index":"index","follow":"follow","max-snippet":"max-snippet:-1","max-image-preview":"max-image-preview:large","max-video-preview":"max-video-preview:-1"},"canonical":"https:\/\/hellostudy.com.br\/hu\/vistos\/","og_locale":"pt_BR","og_type":"article","og_title":"Vistos de estudante e turista para os Estados Unidos","og_description":"Conte com a Hello Study para organizar seu processo de visto para os Estados Unidos, seja ele de estudante ou turista","og_url":"https:\/\/hellostudy.com.br\/hu\/vistos\/","og_site_name":"Hello USA | Interc\u00e2mbio","article_modified_time":"2021-01-28T19:55:32+00:00","twitter_card":"summary_large_image","twitter_misc":{"Est. tempo de leitura":"1 minuto"},"schema":{"@context":"https:\/\/schema.org","@graph":[{"@type":"WebPage","@id":"https:\/\/hellostudy.com.br\/hu\/vistos\/","url":"https:\/\/hellostudy.com.br\/hu\/vistos\/","name":"Vistos de estudante e turista para os Estados Unidos","isPartOf":{"@id":"https:\/\/hellostudy.com.br\/hu\/#website"},"datePublished":"2020-11-15T18:38:14+00:00","dateModified":"2021-01-28T19:55:32+00:00","description":"Conte com a Hello Study para organizar seu processo de visto para os Estados Unidos, seja ele de estudante ou turista","breadcrumb":{"@id":"https:\/\/hellostudy.com.br\/hu\/vistos\/#breadcrumb"},"inLanguage":"pt-BR","potentialAction":[{"@type":"ReadAction","target":["https:\/\/hellostudy.com.br\/hu\/vistos\/"]}]},{"@type":"BreadcrumbList","@id":"https:\/\/hellostudy.com.br\/hu\/vistos\/#breadcrumb","itemListElement":[{"@type":"ListItem","position":1,"name":"In\u00edcio","item":"https:\/\/hellostudy.com.br\/hu\/"},{"@type":"ListItem","position":2,"name":"Vistos"}]},{"@type":"WebSite","@id":"https:\/\/hellostudy.com.br\/hu\/#website","url":"https:\/\/hellostudy.com.br\/hu\/","name":"Hello USA | Interc\u00e2mbio","description":"","potentialAction":[{"@type":"SearchAction","target":{"@type":"EntryPoint","urlTemplate":"https:\/\/hellostudy.com.br\/hu\/?s={search_term_string}"},"query-input":"required name=search_term_string"}],"inLanguage":"pt-BR"}]}},"_links":{"self":[{"href":"https:\/\/hellostudy.com.br\/hu\/wp-json\/wp\/v2\/pages\/202","targetHints":{"allow":["GET"]}}],"collection":[{"href":"https:\/\/hellostudy.com.br\/hu\/wp-json\/wp\/v2\/pages"}],"about":[{"href":"https:\/\/hellostudy.com.br\/hu\/wp-json\/wp\/v2\/types\/page"}],"author":[{"embeddable":true,"href":"https:\/\/hellostudy.com.br\/hu\/wp-json\/wp\/v2\/users\/1"}],"replies":[{"embeddable":true,"href":"https:\/\/hellostudy.com.br\/hu\/wp-json\/wp\/v2\/comments?post=202"}],"version-history":[{"count":4,"href":"https:\/\/hellostudy.com.br\/hu\/wp-json\/wp\/v2\/pages\/202\/revisions"}],"predecessor-version":[{"id":1692,"href":"https:\/\/hellostudy.com.br\/hu\/wp-json\/wp\/v2\/pages\/202\/revisions\/1692"}],"wp:attachment":[{"href":"https:\/\/hellostudy.com.br\/hu\/wp-json\/wp\/v2\/media?parent=202"}],"curies":[{"name":"wp","href":"https:\/\/api.w.org\/{rel}","templated":true}]}}