{"id":135,"date":"2020-11-13T15:29:18","date_gmt":"2020-11-13T18:29:18","guid":{"rendered":"http:\/\/novosite.ml\/?page_id=135"},"modified":"2020-12-18T11:41:51","modified_gmt":"2020-12-18T14:41:51","slug":"estados-unidos","status":"publish","type":"page","link":"https:\/\/hellostudy.com.br\/hu\/estados-unidos\/","title":{"rendered":"Hello USA"},"content":{"rendered":"<h1><strong><img loading=\"lazy\" decoding=\"async\" class=\"alignnone wp-image-554 size-thumbnail\" src=\"http:\/\/novosite.ml\/hu\/wp-content\/uploads\/2020\/11\/Destino-usa-Hello-Study-Intercambio-1-150x150.png\" alt=\"\" width=\"150\" height=\"150\" \/> Os Estados Unidos<\/strong><\/h1>\n<p>Um dos principais destinos para interc\u00e2mbio no mundo, os Estados Unidos s\u00e3o tamb\u00e9m o destino preferido para muitos brasileiros que t\u00eam a inten\u00e7\u00e3o de aperfei\u00e7oar suas habilidades no idioma ingl\u00eas e tamb\u00e9m para passar f\u00e9rias.<\/p>\n<p>De acordo com levantamento feito pelo Departamento de Com\u00e9rcio dos Estados Unidos em 2014, mais de 2 milh\u00f5es de brasileiros visitaram pa\u00eds norte-americano em 2013. Mundialmente conhecidos como uma pot\u00eancia cultural, os Estados Unidos s\u00e3o o ber\u00e7o de diversos produ\u00e7\u00f5es cinematografias, e tamb\u00e9m local onde nasceram muitos dos mais famosos artistas da m\u00fasica mundial.<\/p>\n<p>Outro atrativo para os brasileiros que optam por estudar nos Estados Unidos \u00e9 a possibilidade de fazer compras, j\u00e1 que o pa\u00eds norte-americano, se comparado ao Brasil, tem valores relativamente baixos em seus produtos nas mais diversas \u00e1reas.<\/p>\n<h1><strong>Por que estudar nos EUA?<\/strong><\/h1>\n<p>Al\u00e9m de ser um dos pa\u00edses de l\u00edngua inglesa mais pr\u00f3ximos do Brasil e oferecer diversas op\u00e7\u00f5es de lazer, que v\u00e3o desde compras, parques tem\u00e1ticos at\u00e9 contato direto com a natureza, a qualidade de vida daqueles que vivem nos Estados Unidos fazem com que o pa\u00eds esteja sempre bem posicionado na lista dos pa\u00edses com os melhores IDHs (\u00cdndice de Desenvolvimento Humano).<\/p>\n<p>A soma de lazer, seguran\u00e7a e educa\u00e7\u00e3o de extrema qualidade faz com que os Estados Unidos sejam uma excelente op\u00e7\u00e3o para o estudante brasileiro.<\/p>\n<p>Nas institui\u00e7\u00f5es de ensino norte-americanas,, al\u00e9m dos cursos de tradicionais de ingl\u00eas, voc\u00ea pode optar tamb\u00e9m por um curso de ingl\u00eas t\u00e9cnico, como Business English, cursos vocacionais voltados para as mais diversas \u00e1reas, superiores de gradua\u00e7\u00e3o, p\u00f3s-gradua\u00e7\u00e3o e mestrado. Em alguns casos, o estudante que optar por um curso superior pode receber permiss\u00e3o de trabalho dentro do campus da pr\u00f3pria universidade.<\/p>\n","protected":false},"excerpt":{"rendered":"<p>Os Estados Unidos Um dos principais destinos para interc\u00e2mbio no mundo, os Estados Unidos s\u00e3o tamb\u00e9m o destino preferido para muitos brasileiros que t\u00eam a inten\u00e7\u00e3o de aperfei\u00e7oar suas habilidades no idioma ingl\u00eas e tamb\u00e9m para passar f\u00e9rias. De acordo com levantamento feito pelo Departamento de Com\u00e9rcio dos Estados Unidos em 2014, mais de 2 &hellip; <a href=\"https:\/\/hellostudy.com.br\/hu\/estados-unidos\/\" class=\"more-link\">Continue reading <span class=\"screen-reader-text\">Hello USA<\/span><\/a><\/p>\n","protected":false},"author":1,"featured_media":0,"parent":0,"menu_order":0,"comment_status":"closed","ping_status":"closed","template":"","meta":{"_joinchat":[],"footnotes":""},"class_list":["post-135","page","type-page","status-publish","hentry"],"acf":[],"yoast_head":"<!-- This site is optimized with the Yoast SEO plugin v19.6.1 - https:\/\/yoast.com\/wordpress\/plugins\/seo\/ -->\n<title>Hello USA - Hello USA | Interc\u00e2mbio<\/title>\n<meta name=\"robots\" content=\"index, follow, max-snippet:-1, max-image-preview:large, max-video-preview:-1\" \/>\n<link rel=\"canonical\" href=\"https:\/\/hellostudy.com.br\/hu\/estados-unidos\/\" \/>\n<meta property=\"og:locale\" content=\"pt_BR\" \/>\n<meta property=\"og:type\" content=\"article\" \/>\n<meta property=\"og:title\" content=\"Hello USA - Hello USA | Interc\u00e2mbio\" \/>\n<meta property=\"og:description\" content=\"Os Estados Unidos Um dos principais destinos para interc\u00e2mbio no mundo, os Estados Unidos s\u00e3o tamb\u00e9m o destino preferido para muitos brasileiros que t\u00eam a inten\u00e7\u00e3o de aperfei\u00e7oar suas habilidades no idioma ingl\u00eas e tamb\u00e9m para passar f\u00e9rias. De acordo com levantamento feito pelo Departamento de Com\u00e9rcio dos Estados Unidos em 2014, mais de 2 &hellip; Continue reading Hello USA\" \/>\n<meta property=\"og:url\" content=\"https:\/\/hellostudy.com.br\/hu\/estados-unidos\/\" \/>\n<meta property=\"og:site_name\" content=\"Hello USA | Interc\u00e2mbio\" \/>\n<meta property=\"article:modified_time\" content=\"2020-12-18T14:41:51+00:00\" \/>\n<meta property=\"og:image\" content=\"http:\/\/novosite.ml\/hu\/wp-content\/uploads\/2020\/11\/Destino-usa-Hello-Study-Intercambio-1-150x150.png\" \/>\n<meta name=\"twitter:card\" content=\"summary_large_image\" \/>\n<meta name=\"twitter:label1\" content=\"Est. tempo de leitura\" \/>\n\t<meta name=\"twitter:data1\" content=\"2 minutos\" \/>\n<script type=\"application\/ld+json\" class=\"yoast-schema-graph\">{\"@context\":\"https:\/\/schema.org\",\"@graph\":[{\"@type\":\"WebPage\",\"@id\":\"https:\/\/hellostudy.com.br\/hu\/estados-unidos\/\",\"url\":\"https:\/\/hellostudy.com.br\/hu\/estados-unidos\/\",\"name\":\"Hello USA - Hello USA | Interc\u00e2mbio\",\"isPartOf\":{\"@id\":\"https:\/\/hellostudy.com.br\/hu\/#website\"},\"datePublished\":\"2020-11-13T18:29:18+00:00\",\"dateModified\":\"2020-12-18T14:41:51+00:00\",\"breadcrumb\":{\"@id\":\"https:\/\/hellostudy.com.br\/hu\/estados-unidos\/#breadcrumb\"},\"inLanguage\":\"pt-BR\",\"potentialAction\":[{\"@type\":\"ReadAction\",\"target\":[\"https:\/\/hellostudy.com.br\/hu\/estados-unidos\/\"]}]},{\"@type\":\"BreadcrumbList\",\"@id\":\"https:\/\/hellostudy.com.br\/hu\/estados-unidos\/#breadcrumb\",\"itemListElement\":[{\"@type\":\"ListItem\",\"position\":1,\"name\":\"In\u00edcio\",\"item\":\"https:\/\/hellostudy.com.br\/hu\/\"},{\"@type\":\"ListItem\",\"position\":2,\"name\":\"Hello USA\"}]},{\"@type\":\"WebSite\",\"@id\":\"https:\/\/hellostudy.com.br\/hu\/#website\",\"url\":\"https:\/\/hellostudy.com.br\/hu\/\",\"name\":\"Hello USA | Interc\u00e2mbio\",\"description\":\"\",\"potentialAction\":[{\"@type\":\"SearchAction\",\"target\":{\"@type\":\"EntryPoint\",\"urlTemplate\":\"https:\/\/hellostudy.com.br\/hu\/?s={search_term_string}\"},\"query-input\":\"required name=search_term_string\"}],\"inLanguage\":\"pt-BR\"}]}<\/script>\n<!-- \/ Yoast SEO plugin. -->","yoast_head_json":{"title":"Hello USA - Hello USA | Interc\u00e2mbio","robots":{"index":"index","follow":"follow","max-snippet":"max-snippet:-1","max-image-preview":"max-image-preview:large","max-video-preview":"max-video-preview:-1"},"canonical":"https:\/\/hellostudy.com.br\/hu\/estados-unidos\/","og_locale":"pt_BR","og_type":"article","og_title":"Hello USA - Hello USA | Interc\u00e2mbio","og_description":"Os Estados Unidos Um dos principais destinos para interc\u00e2mbio no mundo, os Estados Unidos s\u00e3o tamb\u00e9m o destino preferido para muitos brasileiros que t\u00eam a inten\u00e7\u00e3o de aperfei\u00e7oar suas habilidades no idioma ingl\u00eas e tamb\u00e9m para passar f\u00e9rias. De acordo com levantamento feito pelo Departamento de Com\u00e9rcio dos Estados Unidos em 2014, mais de 2 &hellip; Continue reading Hello USA","og_url":"https:\/\/hellostudy.com.br\/hu\/estados-unidos\/","og_site_name":"Hello USA | Interc\u00e2mbio","article_modified_time":"2020-12-18T14:41:51+00:00","og_image":[{"url":"http:\/\/novosite.ml\/hu\/wp-content\/uploads\/2020\/11\/Destino-usa-Hello-Study-Intercambio-1-150x150.png"}],"twitter_card":"summary_large_image","twitter_misc":{"Est. tempo de leitura":"2 minutos"},"schema":{"@context":"https:\/\/schema.org","@graph":[{"@type":"WebPage","@id":"https:\/\/hellostudy.com.br\/hu\/estados-unidos\/","url":"https:\/\/hellostudy.com.br\/hu\/estados-unidos\/","name":"Hello USA - Hello USA | Interc\u00e2mbio","isPartOf":{"@id":"https:\/\/hellostudy.com.br\/hu\/#website"},"datePublished":"2020-11-13T18:29:18+00:00","dateModified":"2020-12-18T14:41:51+00:00","breadcrumb":{"@id":"https:\/\/hellostudy.com.br\/hu\/estados-unidos\/#breadcrumb"},"inLanguage":"pt-BR","potentialAction":[{"@type":"ReadAction","target":["https:\/\/hellostudy.com.br\/hu\/estados-unidos\/"]}]},{"@type":"BreadcrumbList","@id":"https:\/\/hellostudy.com.br\/hu\/estados-unidos\/#breadcrumb","itemListElement":[{"@type":"ListItem","position":1,"name":"In\u00edcio","item":"https:\/\/hellostudy.com.br\/hu\/"},{"@type":"ListItem","position":2,"name":"Hello USA"}]},{"@type":"WebSite","@id":"https:\/\/hellostudy.com.br\/hu\/#website","url":"https:\/\/hellostudy.com.br\/hu\/","name":"Hello USA | Interc\u00e2mbio","description":"","potentialAction":[{"@type":"SearchAction","target":{"@type":"EntryPoint","urlTemplate":"https:\/\/hellostudy.com.br\/hu\/?s={search_term_string}"},"query-input":"required name=search_term_string"}],"inLanguage":"pt-BR"}]}},"_links":{"self":[{"href":"https:\/\/hellostudy.com.br\/hu\/wp-json\/wp\/v2\/pages\/135","targetHints":{"allow":["GET"]}}],"collection":[{"href":"https:\/\/hellostudy.com.br\/hu\/wp-json\/wp\/v2\/pages"}],"about":[{"href":"https:\/\/hellostudy.com.br\/hu\/wp-json\/wp\/v2\/types\/page"}],"author":[{"embeddable":true,"href":"https:\/\/hellostudy.com.br\/hu\/wp-json\/wp\/v2\/users\/1"}],"replies":[{"embeddable":true,"href":"https:\/\/hellostudy.com.br\/hu\/wp-json\/wp\/v2\/comments?post=135"}],"version-history":[{"count":3,"href":"https:\/\/hellostudy.com.br\/hu\/wp-json\/wp\/v2\/pages\/135\/revisions"}],"predecessor-version":[{"id":1540,"href":"https:\/\/hellostudy.com.br\/hu\/wp-json\/wp\/v2\/pages\/135\/revisions\/1540"}],"wp:attachment":[{"href":"https:\/\/hellostudy.com.br\/hu\/wp-json\/wp\/v2\/media?parent=135"}],"curies":[{"name":"wp","href":"https:\/\/api.w.org\/{rel}","templated":true}]}}