{"id":200,"date":"2020-11-15T15:37:58","date_gmt":"2020-11-15T18:37:58","guid":{"rendered":"http:\/\/novosite.ml\/?page_id=200"},"modified":"2020-12-17T20:57:33","modified_gmt":"2020-12-17T23:57:33","slug":"estudo-trabalho","status":"publish","type":"page","link":"https:\/\/hellostudy.com.br\/hn\/estudo-trabalho\/","title":{"rendered":"Estudo\/Trabalho"},"content":{"rendered":"<h1><strong><img loading=\"lazy\" decoding=\"async\" class=\"alignnone wp-image-1403\" src=\"http:\/\/novosite.ml\/hn\/wp-content\/uploads\/2020\/12\/Icon-Regras-Hello-Study-Intercambio-Nova-Zelandia.png\" alt=\"\" width=\"94\" height=\"102\" \/>\u00a0Regras e permiss\u00f5es<\/strong><\/h1>\n<p>O estudante internacional poder\u00e1 trabalhar na Nova Zel\u00e2ndia desde que esteja matriculado por 14 semanas ou mais em um curso de ingl\u00eas, t\u00e9cnico ou superior com dura\u00e7\u00e3o m\u00ednima de 20h semanas e que seja em uma institui\u00e7\u00e3o chancelada pela New Zealand Qualifications Authority (NZQA) como de Categoria 1, o que indica que a institui\u00e7\u00e3o \u00e9 uma das principais do pa\u00eds. Na Nova Zel\u00e2ndia, o estudante internacional poder\u00e1 trabalhar legalmente 20h por semana durante o per\u00edodo de estudos. Caso o curso que voc\u00ea esteja matriculado tenha dura\u00e7\u00e3o superior a 12 meses, voc\u00ea poder\u00e1 tamb\u00e9m trabalhar por per\u00edodo integral durante as f\u00e9rias.<\/p>\n<p>&nbsp;<\/p>\n","protected":false},"excerpt":{"rendered":"<p>\u00a0Regras e permiss\u00f5es O estudante internacional poder\u00e1 trabalhar na Nova Zel\u00e2ndia desde que esteja matriculado por 14 semanas ou mais em um curso de ingl\u00eas, t\u00e9cnico ou superior com dura\u00e7\u00e3o m\u00ednima de 20h semanas e que seja em uma institui\u00e7\u00e3o chancelada pela New Zealand Qualifications Authority (NZQA) como de Categoria 1, o que indica que &hellip; <a href=\"https:\/\/hellostudy.com.br\/hn\/estudo-trabalho\/\" class=\"more-link\">Continue reading <span class=\"screen-reader-text\">Estudo\/Trabalho<\/span><\/a><\/p>\n","protected":false},"author":1,"featured_media":0,"parent":0,"menu_order":0,"comment_status":"closed","ping_status":"closed","template":"","meta":{"_joinchat":[],"footnotes":""},"class_list":["post-200","page","type-page","status-publish","hentry"],"acf":[],"yoast_head":"<!-- This site is optimized with the Yoast SEO plugin v19.6.1 - https:\/\/yoast.com\/wordpress\/plugins\/seo\/ -->\n<title>Estudo\/Trabalho - Hello New Zealand | Interc\u00e2mbio<\/title>\n<meta name=\"robots\" content=\"index, follow, max-snippet:-1, max-image-preview:large, max-video-preview:-1\" \/>\n<link rel=\"canonical\" href=\"https:\/\/hellostudy.com.br\/hn\/estudo-trabalho\/\" \/>\n<meta property=\"og:locale\" content=\"pt_BR\" \/>\n<meta property=\"og:type\" content=\"article\" \/>\n<meta property=\"og:title\" content=\"Estudo\/Trabalho - Hello New Zealand | Interc\u00e2mbio\" \/>\n<meta property=\"og:description\" content=\"\u00a0Regras e permiss\u00f5es O estudante internacional poder\u00e1 trabalhar na Nova Zel\u00e2ndia desde que esteja matriculado por 14 semanas ou mais em um curso de ingl\u00eas, t\u00e9cnico ou superior com dura\u00e7\u00e3o m\u00ednima de 20h semanas e que seja em uma institui\u00e7\u00e3o chancelada pela New Zealand Qualifications Authority (NZQA) como de Categoria 1, o que indica que &hellip; Continue reading Estudo\/Trabalho\" \/>\n<meta property=\"og:url\" content=\"https:\/\/hellostudy.com.br\/hn\/estudo-trabalho\/\" \/>\n<meta property=\"og:site_name\" content=\"Hello New Zealand | Interc\u00e2mbio\" \/>\n<meta property=\"article:modified_time\" content=\"2020-12-17T23:57:33+00:00\" \/>\n<meta property=\"og:image\" content=\"http:\/\/novosite.ml\/hn\/wp-content\/uploads\/2020\/12\/Icon-Regras-Hello-Study-Intercambio-Nova-Zelandia.png\" \/>\n<meta name=\"twitter:card\" content=\"summary_large_image\" \/>\n<meta name=\"twitter:label1\" content=\"Est. tempo de leitura\" \/>\n\t<meta name=\"twitter:data1\" content=\"1 minuto\" \/>\n<script type=\"application\/ld+json\" class=\"yoast-schema-graph\">{\"@context\":\"https:\/\/schema.org\",\"@graph\":[{\"@type\":\"WebPage\",\"@id\":\"https:\/\/hellostudy.com.br\/hn\/estudo-trabalho\/\",\"url\":\"https:\/\/hellostudy.com.br\/hn\/estudo-trabalho\/\",\"name\":\"Estudo\/Trabalho - Hello New Zealand | Interc\u00e2mbio\",\"isPartOf\":{\"@id\":\"https:\/\/hellostudy.com.br\/hn\/#website\"},\"datePublished\":\"2020-11-15T18:37:58+00:00\",\"dateModified\":\"2020-12-17T23:57:33+00:00\",\"breadcrumb\":{\"@id\":\"https:\/\/hellostudy.com.br\/hn\/estudo-trabalho\/#breadcrumb\"},\"inLanguage\":\"pt-BR\",\"potentialAction\":[{\"@type\":\"ReadAction\",\"target\":[\"https:\/\/hellostudy.com.br\/hn\/estudo-trabalho\/\"]}]},{\"@type\":\"BreadcrumbList\",\"@id\":\"https:\/\/hellostudy.com.br\/hn\/estudo-trabalho\/#breadcrumb\",\"itemListElement\":[{\"@type\":\"ListItem\",\"position\":1,\"name\":\"In\u00edcio\",\"item\":\"https:\/\/hellostudy.com.br\/hn\/\"},{\"@type\":\"ListItem\",\"position\":2,\"name\":\"Estudo\/Trabalho\"}]},{\"@type\":\"WebSite\",\"@id\":\"https:\/\/hellostudy.com.br\/hn\/#website\",\"url\":\"https:\/\/hellostudy.com.br\/hn\/\",\"name\":\"Hello New Zealand | Interc\u00e2mbio\",\"description\":\"\",\"potentialAction\":[{\"@type\":\"SearchAction\",\"target\":{\"@type\":\"EntryPoint\",\"urlTemplate\":\"https:\/\/hellostudy.com.br\/hn\/?s={search_term_string}\"},\"query-input\":\"required name=search_term_string\"}],\"inLanguage\":\"pt-BR\"}]}<\/script>\n<!-- \/ Yoast SEO plugin. -->","yoast_head_json":{"title":"Estudo\/Trabalho - Hello New Zealand | Interc\u00e2mbio","robots":{"index":"index","follow":"follow","max-snippet":"max-snippet:-1","max-image-preview":"max-image-preview:large","max-video-preview":"max-video-preview:-1"},"canonical":"https:\/\/hellostudy.com.br\/hn\/estudo-trabalho\/","og_locale":"pt_BR","og_type":"article","og_title":"Estudo\/Trabalho - Hello New Zealand | Interc\u00e2mbio","og_description":"\u00a0Regras e permiss\u00f5es O estudante internacional poder\u00e1 trabalhar na Nova Zel\u00e2ndia desde que esteja matriculado por 14 semanas ou mais em um curso de ingl\u00eas, t\u00e9cnico ou superior com dura\u00e7\u00e3o m\u00ednima de 20h semanas e que seja em uma institui\u00e7\u00e3o chancelada pela New Zealand Qualifications Authority (NZQA) como de Categoria 1, o que indica que &hellip; Continue reading Estudo\/Trabalho","og_url":"https:\/\/hellostudy.com.br\/hn\/estudo-trabalho\/","og_site_name":"Hello New Zealand | Interc\u00e2mbio","article_modified_time":"2020-12-17T23:57:33+00:00","og_image":[{"url":"http:\/\/novosite.ml\/hn\/wp-content\/uploads\/2020\/12\/Icon-Regras-Hello-Study-Intercambio-Nova-Zelandia.png"}],"twitter_card":"summary_large_image","twitter_misc":{"Est. tempo de leitura":"1 minuto"},"schema":{"@context":"https:\/\/schema.org","@graph":[{"@type":"WebPage","@id":"https:\/\/hellostudy.com.br\/hn\/estudo-trabalho\/","url":"https:\/\/hellostudy.com.br\/hn\/estudo-trabalho\/","name":"Estudo\/Trabalho - Hello New Zealand | Interc\u00e2mbio","isPartOf":{"@id":"https:\/\/hellostudy.com.br\/hn\/#website"},"datePublished":"2020-11-15T18:37:58+00:00","dateModified":"2020-12-17T23:57:33+00:00","breadcrumb":{"@id":"https:\/\/hellostudy.com.br\/hn\/estudo-trabalho\/#breadcrumb"},"inLanguage":"pt-BR","potentialAction":[{"@type":"ReadAction","target":["https:\/\/hellostudy.com.br\/hn\/estudo-trabalho\/"]}]},{"@type":"BreadcrumbList","@id":"https:\/\/hellostudy.com.br\/hn\/estudo-trabalho\/#breadcrumb","itemListElement":[{"@type":"ListItem","position":1,"name":"In\u00edcio","item":"https:\/\/hellostudy.com.br\/hn\/"},{"@type":"ListItem","position":2,"name":"Estudo\/Trabalho"}]},{"@type":"WebSite","@id":"https:\/\/hellostudy.com.br\/hn\/#website","url":"https:\/\/hellostudy.com.br\/hn\/","name":"Hello New Zealand | Interc\u00e2mbio","description":"","potentialAction":[{"@type":"SearchAction","target":{"@type":"EntryPoint","urlTemplate":"https:\/\/hellostudy.com.br\/hn\/?s={search_term_string}"},"query-input":"required name=search_term_string"}],"inLanguage":"pt-BR"}]}},"_links":{"self":[{"href":"https:\/\/hellostudy.com.br\/hn\/wp-json\/wp\/v2\/pages\/200","targetHints":{"allow":["GET"]}}],"collection":[{"href":"https:\/\/hellostudy.com.br\/hn\/wp-json\/wp\/v2\/pages"}],"about":[{"href":"https:\/\/hellostudy.com.br\/hn\/wp-json\/wp\/v2\/types\/page"}],"author":[{"embeddable":true,"href":"https:\/\/hellostudy.com.br\/hn\/wp-json\/wp\/v2\/users\/1"}],"replies":[{"embeddable":true,"href":"https:\/\/hellostudy.com.br\/hn\/wp-json\/wp\/v2\/comments?post=200"}],"version-history":[{"count":4,"href":"https:\/\/hellostudy.com.br\/hn\/wp-json\/wp\/v2\/pages\/200\/revisions"}],"predecessor-version":[{"id":1456,"href":"https:\/\/hellostudy.com.br\/hn\/wp-json\/wp\/v2\/pages\/200\/revisions\/1456"}],"wp:attachment":[{"href":"https:\/\/hellostudy.com.br\/hn\/wp-json\/wp\/v2\/media?parent=200"}],"curies":[{"name":"wp","href":"https:\/\/api.w.org\/{rel}","templated":true}]}}