{"id":135,"date":"2020-11-13T15:29:18","date_gmt":"2020-11-13T18:29:18","guid":{"rendered":"http:\/\/novosite.ml\/?page_id=135"},"modified":"2022-01-17T13:28:30","modified_gmt":"2022-01-17T16:28:30","slug":"nova-zelandia","status":"publish","type":"page","link":"https:\/\/hellostudy.com.br\/hn\/nova-zelandia\/","title":{"rendered":"Hello Nova Zel\u00e2ndia"},"content":{"rendered":"<h1><strong><img loading=\"lazy\" decoding=\"async\" class=\"alignnone wp-image-553 size-thumbnail\" src=\"https:\/\/hellostudy.com.br\/hn\/wp-content\/uploads\/2020\/11\/Destino-nova-zelandia-Hello-Study-Intercambio-1-150x150.png\" alt=\"\" width=\"150\" height=\"150\" \/> Sobre a Nova Zel\u00e2ndia<\/strong><\/h1>\n<p>Interc\u00e2mbio na Nova Zel\u00e2ndia resume bem qual \u00e9 a miss\u00e3o da Hello Study. Transformar vidas atrav\u00e9s da educa\u00e7\u00e3o e da experi\u00eancia internacional. Esta \u00e9 com certeza uma aventura fant\u00e1stica. Aprenda ingl\u00eas em um pa\u00eds paradis\u00edaco, com economia e estrutura de primeiro mundo. Receba um banho de cultura e tenha uma experi\u00eancia que valer\u00e1 por toda a sua vida Pa\u00eds da Oceania, no sudoeste do Oceano Pac\u00edfico, com \u00e1rea de cerca de 270 mil km\u00b2, o tamanho aproximado do Rio Grande do Sul.<\/p>\n<p>A popula\u00e7\u00e3o \u00e9 perto de 5 milh\u00f5es de habitantes. A Nova Zel\u00e2ndia \u00e9 um pa\u00eds tranquilo para quem deseja aliar os estudos, com o aprendizado da l\u00edngua inglesa, com turismo e at\u00e9 trabalho.<\/p>\n<p>Para quem deseja fazer interc\u00e2mbio na Nova Zel\u00e2ndia, as escolas do pa\u00eds possuem um n\u00edvel elevado na qualidade de ensino. A estrutura oferecida para o intercambista vai muito al\u00e9m de simplesmente estudar e aprender uma nova l\u00edngua.<\/p>\n<p>As institui\u00e7\u00f5es oferecem atividades para que o estrangeiro se insira rapidamente na cultura local. H\u00e1 cursos de idiomas tanto em escolas que oferecem apenas esse tipo de servi\u00e7o quanto em universidades. Os cursos s\u00e3o regulamentados e seguem um r\u00edgido padr\u00e3o de qualidade, estabelecido pelo \u00f3rg\u00e3o governamental New Zealand Qualifications Authority (NZQA). Todas as institui\u00e7\u00f5es s\u00f3 funcionam se forem aprovadas tamb\u00e9m pelo Comit\u00ea dos Vice-Reitores da Nova Zel\u00e2ndia (New Zealand Vice Chancellors\u2019 Committee).<\/p>\n","protected":false},"excerpt":{"rendered":"<p>Sobre a Nova Zel\u00e2ndia Interc\u00e2mbio na Nova Zel\u00e2ndia resume bem qual \u00e9 a miss\u00e3o da Hello Study. Transformar vidas atrav\u00e9s da educa\u00e7\u00e3o e da experi\u00eancia internacional. Esta \u00e9 com certeza uma aventura fant\u00e1stica. Aprenda ingl\u00eas em um pa\u00eds paradis\u00edaco, com economia e estrutura de primeiro mundo. Receba um banho de cultura e tenha uma experi\u00eancia &hellip; <a href=\"https:\/\/hellostudy.com.br\/hn\/nova-zelandia\/\" class=\"more-link\">Continue reading <span class=\"screen-reader-text\">Hello Nova Zel\u00e2ndia<\/span><\/a><\/p>\n","protected":false},"author":1,"featured_media":0,"parent":0,"menu_order":0,"comment_status":"closed","ping_status":"closed","template":"","meta":{"_joinchat":[],"footnotes":""},"class_list":["post-135","page","type-page","status-publish","hentry"],"acf":[],"yoast_head":"<!-- This site is optimized with the Yoast SEO plugin v19.6.1 - https:\/\/yoast.com\/wordpress\/plugins\/seo\/ -->\n<title>Hello Nova Zel\u00e2ndia - Hello New Zealand | Interc\u00e2mbio<\/title>\n<meta name=\"robots\" content=\"index, follow, max-snippet:-1, max-image-preview:large, max-video-preview:-1\" \/>\n<link rel=\"canonical\" href=\"https:\/\/hellostudy.com.br\/hn\/nova-zelandia\/\" \/>\n<meta property=\"og:locale\" content=\"pt_BR\" \/>\n<meta property=\"og:type\" content=\"article\" \/>\n<meta property=\"og:title\" content=\"Hello Nova Zel\u00e2ndia - Hello New Zealand | Interc\u00e2mbio\" \/>\n<meta property=\"og:description\" content=\"Sobre a Nova Zel\u00e2ndia Interc\u00e2mbio na Nova Zel\u00e2ndia resume bem qual \u00e9 a miss\u00e3o da Hello Study. Transformar vidas atrav\u00e9s da educa\u00e7\u00e3o e da experi\u00eancia internacional. Esta \u00e9 com certeza uma aventura fant\u00e1stica. Aprenda ingl\u00eas em um pa\u00eds paradis\u00edaco, com economia e estrutura de primeiro mundo. Receba um banho de cultura e tenha uma experi\u00eancia &hellip; Continue reading Hello Nova Zel\u00e2ndia\" \/>\n<meta property=\"og:url\" content=\"https:\/\/hellostudy.com.br\/hn\/nova-zelandia\/\" \/>\n<meta property=\"og:site_name\" content=\"Hello New Zealand | Interc\u00e2mbio\" \/>\n<meta property=\"article:modified_time\" content=\"2022-01-17T16:28:30+00:00\" \/>\n<meta property=\"og:image\" content=\"https:\/\/hellostudy.com.br\/hn\/wp-content\/uploads\/2020\/11\/Destino-nova-zelandia-Hello-Study-Intercambio-1-150x150.png\" \/>\n<meta name=\"twitter:card\" content=\"summary_large_image\" \/>\n<meta name=\"twitter:label1\" content=\"Est. tempo de leitura\" \/>\n\t<meta name=\"twitter:data1\" content=\"2 minutos\" \/>\n<script type=\"application\/ld+json\" class=\"yoast-schema-graph\">{\"@context\":\"https:\/\/schema.org\",\"@graph\":[{\"@type\":\"WebPage\",\"@id\":\"https:\/\/hellostudy.com.br\/hn\/nova-zelandia\/\",\"url\":\"https:\/\/hellostudy.com.br\/hn\/nova-zelandia\/\",\"name\":\"Hello Nova Zel\u00e2ndia - Hello New Zealand | Interc\u00e2mbio\",\"isPartOf\":{\"@id\":\"https:\/\/hellostudy.com.br\/hn\/#website\"},\"datePublished\":\"2020-11-13T18:29:18+00:00\",\"dateModified\":\"2022-01-17T16:28:30+00:00\",\"breadcrumb\":{\"@id\":\"https:\/\/hellostudy.com.br\/hn\/nova-zelandia\/#breadcrumb\"},\"inLanguage\":\"pt-BR\",\"potentialAction\":[{\"@type\":\"ReadAction\",\"target\":[\"https:\/\/hellostudy.com.br\/hn\/nova-zelandia\/\"]}]},{\"@type\":\"BreadcrumbList\",\"@id\":\"https:\/\/hellostudy.com.br\/hn\/nova-zelandia\/#breadcrumb\",\"itemListElement\":[{\"@type\":\"ListItem\",\"position\":1,\"name\":\"In\u00edcio\",\"item\":\"https:\/\/hellostudy.com.br\/hn\/\"},{\"@type\":\"ListItem\",\"position\":2,\"name\":\"Hello Nova Zel\u00e2ndia\"}]},{\"@type\":\"WebSite\",\"@id\":\"https:\/\/hellostudy.com.br\/hn\/#website\",\"url\":\"https:\/\/hellostudy.com.br\/hn\/\",\"name\":\"Hello New Zealand | Interc\u00e2mbio\",\"description\":\"\",\"potentialAction\":[{\"@type\":\"SearchAction\",\"target\":{\"@type\":\"EntryPoint\",\"urlTemplate\":\"https:\/\/hellostudy.com.br\/hn\/?s={search_term_string}\"},\"query-input\":\"required name=search_term_string\"}],\"inLanguage\":\"pt-BR\"}]}<\/script>\n<!-- \/ Yoast SEO plugin. -->","yoast_head_json":{"title":"Hello Nova Zel\u00e2ndia - Hello New Zealand | Interc\u00e2mbio","robots":{"index":"index","follow":"follow","max-snippet":"max-snippet:-1","max-image-preview":"max-image-preview:large","max-video-preview":"max-video-preview:-1"},"canonical":"https:\/\/hellostudy.com.br\/hn\/nova-zelandia\/","og_locale":"pt_BR","og_type":"article","og_title":"Hello Nova Zel\u00e2ndia - Hello New Zealand | Interc\u00e2mbio","og_description":"Sobre a Nova Zel\u00e2ndia Interc\u00e2mbio na Nova Zel\u00e2ndia resume bem qual \u00e9 a miss\u00e3o da Hello Study. Transformar vidas atrav\u00e9s da educa\u00e7\u00e3o e da experi\u00eancia internacional. Esta \u00e9 com certeza uma aventura fant\u00e1stica. Aprenda ingl\u00eas em um pa\u00eds paradis\u00edaco, com economia e estrutura de primeiro mundo. Receba um banho de cultura e tenha uma experi\u00eancia &hellip; Continue reading Hello Nova Zel\u00e2ndia","og_url":"https:\/\/hellostudy.com.br\/hn\/nova-zelandia\/","og_site_name":"Hello New Zealand | Interc\u00e2mbio","article_modified_time":"2022-01-17T16:28:30+00:00","og_image":[{"url":"https:\/\/hellostudy.com.br\/hn\/wp-content\/uploads\/2020\/11\/Destino-nova-zelandia-Hello-Study-Intercambio-1-150x150.png"}],"twitter_card":"summary_large_image","twitter_misc":{"Est. tempo de leitura":"2 minutos"},"schema":{"@context":"https:\/\/schema.org","@graph":[{"@type":"WebPage","@id":"https:\/\/hellostudy.com.br\/hn\/nova-zelandia\/","url":"https:\/\/hellostudy.com.br\/hn\/nova-zelandia\/","name":"Hello Nova Zel\u00e2ndia - Hello New Zealand | Interc\u00e2mbio","isPartOf":{"@id":"https:\/\/hellostudy.com.br\/hn\/#website"},"datePublished":"2020-11-13T18:29:18+00:00","dateModified":"2022-01-17T16:28:30+00:00","breadcrumb":{"@id":"https:\/\/hellostudy.com.br\/hn\/nova-zelandia\/#breadcrumb"},"inLanguage":"pt-BR","potentialAction":[{"@type":"ReadAction","target":["https:\/\/hellostudy.com.br\/hn\/nova-zelandia\/"]}]},{"@type":"BreadcrumbList","@id":"https:\/\/hellostudy.com.br\/hn\/nova-zelandia\/#breadcrumb","itemListElement":[{"@type":"ListItem","position":1,"name":"In\u00edcio","item":"https:\/\/hellostudy.com.br\/hn\/"},{"@type":"ListItem","position":2,"name":"Hello Nova Zel\u00e2ndia"}]},{"@type":"WebSite","@id":"https:\/\/hellostudy.com.br\/hn\/#website","url":"https:\/\/hellostudy.com.br\/hn\/","name":"Hello New Zealand | Interc\u00e2mbio","description":"","potentialAction":[{"@type":"SearchAction","target":{"@type":"EntryPoint","urlTemplate":"https:\/\/hellostudy.com.br\/hn\/?s={search_term_string}"},"query-input":"required name=search_term_string"}],"inLanguage":"pt-BR"}]}},"_links":{"self":[{"href":"https:\/\/hellostudy.com.br\/hn\/wp-json\/wp\/v2\/pages\/135","targetHints":{"allow":["GET"]}}],"collection":[{"href":"https:\/\/hellostudy.com.br\/hn\/wp-json\/wp\/v2\/pages"}],"about":[{"href":"https:\/\/hellostudy.com.br\/hn\/wp-json\/wp\/v2\/types\/page"}],"author":[{"embeddable":true,"href":"https:\/\/hellostudy.com.br\/hn\/wp-json\/wp\/v2\/users\/1"}],"replies":[{"embeddable":true,"href":"https:\/\/hellostudy.com.br\/hn\/wp-json\/wp\/v2\/comments?post=135"}],"version-history":[{"count":11,"href":"https:\/\/hellostudy.com.br\/hn\/wp-json\/wp\/v2\/pages\/135\/revisions"}],"predecessor-version":[{"id":1630,"href":"https:\/\/hellostudy.com.br\/hn\/wp-json\/wp\/v2\/pages\/135\/revisions\/1630"}],"wp:attachment":[{"href":"https:\/\/hellostudy.com.br\/hn\/wp-json\/wp\/v2\/media?parent=135"}],"curies":[{"name":"wp","href":"https:\/\/api.w.org\/{rel}","templated":true}]}}