{"id":125,"date":"2020-11-13T15:26:41","date_gmt":"2020-11-13T18:26:41","guid":{"rendered":"http:\/\/novosite.ml\/?page_id=125"},"modified":"2021-01-29T18:56:36","modified_gmt":"2021-01-29T21:56:36","slug":"canada","status":"publish","type":"page","link":"https:\/\/hellostudy.com.br\/hn\/outros-destinos\/canada\/","title":{"rendered":"Canad\u00e1"},"content":{"rendered":"<p>O Canad\u00e1, um pa\u00eds bil\u00edngue, \u00e9 um dos principais destinos procurados pelos brasileiros, n\u00e3o apenas para cursos de idiomas, mas tamb\u00e9m para cursos de gradu\u00e7\u00e3o, p\u00f3s-gradua\u00e7\u00e3o e emprego, o que possibilita a perman\u00eancia no destino por mais tempo.<\/p>\n","protected":false},"excerpt":{"rendered":"<p>O Canad\u00e1, um pa\u00eds bil\u00edngue, \u00e9 um dos principais destinos procurados pelos brasileiros, n\u00e3o apenas para cursos de idiomas, mas tamb\u00e9m para cursos de gradu\u00e7\u00e3o, p\u00f3s-gradua\u00e7\u00e3o e emprego, o que possibilita a perman\u00eancia no destino por mais tempo.<\/p>\n","protected":false},"author":1,"featured_media":551,"parent":119,"menu_order":0,"comment_status":"closed","ping_status":"closed","template":"","meta":{"_joinchat":[],"footnotes":""},"class_list":["post-125","page","type-page","status-publish","has-post-thumbnail","hentry"],"acf":[],"yoast_head":"<!-- This site is optimized with the Yoast SEO plugin v19.6.1 - https:\/\/yoast.com\/wordpress\/plugins\/seo\/ -->\n<title>Canad\u00e1 - Hello New Zealand | Interc\u00e2mbio<\/title>\n<meta name=\"robots\" content=\"index, follow, max-snippet:-1, max-image-preview:large, max-video-preview:-1\" \/>\n<link rel=\"canonical\" href=\"https:\/\/hellostudy.com.br\/hn\/outros-destinos\/canada\/\" \/>\n<meta property=\"og:locale\" content=\"pt_BR\" \/>\n<meta property=\"og:type\" content=\"article\" \/>\n<meta property=\"og:title\" content=\"Canad\u00e1 - Hello New Zealand | Interc\u00e2mbio\" \/>\n<meta property=\"og:description\" content=\"O Canad\u00e1, um pa\u00eds bil\u00edngue, \u00e9 um dos principais destinos procurados pelos brasileiros, n\u00e3o apenas para cursos de idiomas, mas tamb\u00e9m para cursos de gradu\u00e7\u00e3o, p\u00f3s-gradua\u00e7\u00e3o e emprego, o que possibilita a perman\u00eancia no destino por mais tempo.\" \/>\n<meta property=\"og:url\" content=\"https:\/\/hellostudy.com.br\/hn\/outros-destinos\/canada\/\" \/>\n<meta property=\"og:site_name\" content=\"Hello New Zealand | Interc\u00e2mbio\" \/>\n<meta property=\"article:modified_time\" content=\"2021-01-29T21:56:36+00:00\" \/>\n<meta property=\"og:image\" content=\"https:\/\/hellostudy.com.br\/hn\/wp-content\/uploads\/2020\/11\/Destino-Canada-Hello-Study-Intercambio-1.png\" \/>\n\t<meta property=\"og:image:width\" content=\"918\" \/>\n\t<meta property=\"og:image:height\" content=\"985\" \/>\n\t<meta property=\"og:image:type\" content=\"image\/png\" \/>\n<meta name=\"twitter:card\" content=\"summary_large_image\" \/>\n<script type=\"application\/ld+json\" class=\"yoast-schema-graph\">{\"@context\":\"https:\/\/schema.org\",\"@graph\":[{\"@type\":\"WebPage\",\"@id\":\"https:\/\/hellostudy.com.br\/hn\/outros-destinos\/canada\/\",\"url\":\"https:\/\/hellostudy.com.br\/hn\/outros-destinos\/canada\/\",\"name\":\"Canad\u00e1 - Hello New Zealand | Interc\u00e2mbio\",\"isPartOf\":{\"@id\":\"https:\/\/hellostudy.com.br\/hn\/#website\"},\"datePublished\":\"2020-11-13T18:26:41+00:00\",\"dateModified\":\"2021-01-29T21:56:36+00:00\",\"breadcrumb\":{\"@id\":\"https:\/\/hellostudy.com.br\/hn\/outros-destinos\/canada\/#breadcrumb\"},\"inLanguage\":\"pt-BR\",\"potentialAction\":[{\"@type\":\"ReadAction\",\"target\":[\"https:\/\/hellostudy.com.br\/hn\/outros-destinos\/canada\/\"]}]},{\"@type\":\"BreadcrumbList\",\"@id\":\"https:\/\/hellostudy.com.br\/hn\/outros-destinos\/canada\/#breadcrumb\",\"itemListElement\":[{\"@type\":\"ListItem\",\"position\":1,\"name\":\"In\u00edcio\",\"item\":\"https:\/\/hellostudy.com.br\/hn\/\"},{\"@type\":\"ListItem\",\"position\":2,\"name\":\"Outros Destinos\",\"item\":\"https:\/\/hellostudy.com.br\/hn\/outros-destinos\/\"},{\"@type\":\"ListItem\",\"position\":3,\"name\":\"Canad\u00e1\"}]},{\"@type\":\"WebSite\",\"@id\":\"https:\/\/hellostudy.com.br\/hn\/#website\",\"url\":\"https:\/\/hellostudy.com.br\/hn\/\",\"name\":\"Hello New Zealand | Interc\u00e2mbio\",\"description\":\"\",\"potentialAction\":[{\"@type\":\"SearchAction\",\"target\":{\"@type\":\"EntryPoint\",\"urlTemplate\":\"https:\/\/hellostudy.com.br\/hn\/?s={search_term_string}\"},\"query-input\":\"required name=search_term_string\"}],\"inLanguage\":\"pt-BR\"}]}<\/script>\n<!-- \/ Yoast SEO plugin. -->","yoast_head_json":{"title":"Canad\u00e1 - Hello New Zealand | Interc\u00e2mbio","robots":{"index":"index","follow":"follow","max-snippet":"max-snippet:-1","max-image-preview":"max-image-preview:large","max-video-preview":"max-video-preview:-1"},"canonical":"https:\/\/hellostudy.com.br\/hn\/outros-destinos\/canada\/","og_locale":"pt_BR","og_type":"article","og_title":"Canad\u00e1 - Hello New Zealand | Interc\u00e2mbio","og_description":"O Canad\u00e1, um pa\u00eds bil\u00edngue, \u00e9 um dos principais destinos procurados pelos brasileiros, n\u00e3o apenas para cursos de idiomas, mas tamb\u00e9m para cursos de gradu\u00e7\u00e3o, p\u00f3s-gradua\u00e7\u00e3o e emprego, o que possibilita a perman\u00eancia no destino por mais tempo.","og_url":"https:\/\/hellostudy.com.br\/hn\/outros-destinos\/canada\/","og_site_name":"Hello New Zealand | Interc\u00e2mbio","article_modified_time":"2021-01-29T21:56:36+00:00","og_image":[{"width":918,"height":985,"url":"https:\/\/hellostudy.com.br\/hn\/wp-content\/uploads\/2020\/11\/Destino-Canada-Hello-Study-Intercambio-1.png","type":"image\/png"}],"twitter_card":"summary_large_image","schema":{"@context":"https:\/\/schema.org","@graph":[{"@type":"WebPage","@id":"https:\/\/hellostudy.com.br\/hn\/outros-destinos\/canada\/","url":"https:\/\/hellostudy.com.br\/hn\/outros-destinos\/canada\/","name":"Canad\u00e1 - Hello New Zealand | Interc\u00e2mbio","isPartOf":{"@id":"https:\/\/hellostudy.com.br\/hn\/#website"},"datePublished":"2020-11-13T18:26:41+00:00","dateModified":"2021-01-29T21:56:36+00:00","breadcrumb":{"@id":"https:\/\/hellostudy.com.br\/hn\/outros-destinos\/canada\/#breadcrumb"},"inLanguage":"pt-BR","potentialAction":[{"@type":"ReadAction","target":["https:\/\/hellostudy.com.br\/hn\/outros-destinos\/canada\/"]}]},{"@type":"BreadcrumbList","@id":"https:\/\/hellostudy.com.br\/hn\/outros-destinos\/canada\/#breadcrumb","itemListElement":[{"@type":"ListItem","position":1,"name":"In\u00edcio","item":"https:\/\/hellostudy.com.br\/hn\/"},{"@type":"ListItem","position":2,"name":"Outros Destinos","item":"https:\/\/hellostudy.com.br\/hn\/outros-destinos\/"},{"@type":"ListItem","position":3,"name":"Canad\u00e1"}]},{"@type":"WebSite","@id":"https:\/\/hellostudy.com.br\/hn\/#website","url":"https:\/\/hellostudy.com.br\/hn\/","name":"Hello New Zealand | Interc\u00e2mbio","description":"","potentialAction":[{"@type":"SearchAction","target":{"@type":"EntryPoint","urlTemplate":"https:\/\/hellostudy.com.br\/hn\/?s={search_term_string}"},"query-input":"required name=search_term_string"}],"inLanguage":"pt-BR"}]}},"_links":{"self":[{"href":"https:\/\/hellostudy.com.br\/hn\/wp-json\/wp\/v2\/pages\/125","targetHints":{"allow":["GET"]}}],"collection":[{"href":"https:\/\/hellostudy.com.br\/hn\/wp-json\/wp\/v2\/pages"}],"about":[{"href":"https:\/\/hellostudy.com.br\/hn\/wp-json\/wp\/v2\/types\/page"}],"author":[{"embeddable":true,"href":"https:\/\/hellostudy.com.br\/hn\/wp-json\/wp\/v2\/users\/1"}],"replies":[{"embeddable":true,"href":"https:\/\/hellostudy.com.br\/hn\/wp-json\/wp\/v2\/comments?post=125"}],"version-history":[{"count":5,"href":"https:\/\/hellostudy.com.br\/hn\/wp-json\/wp\/v2\/pages\/125\/revisions"}],"predecessor-version":[{"id":1565,"href":"https:\/\/hellostudy.com.br\/hn\/wp-json\/wp\/v2\/pages\/125\/revisions\/1565"}],"up":[{"embeddable":true,"href":"https:\/\/hellostudy.com.br\/hn\/wp-json\/wp\/v2\/pages\/119"}],"wp:featuredmedia":[{"embeddable":true,"href":"https:\/\/hellostudy.com.br\/hn\/wp-json\/wp\/v2\/media\/551"}],"wp:attachment":[{"href":"https:\/\/hellostudy.com.br\/hn\/wp-json\/wp\/v2\/media?parent=125"}],"curies":[{"name":"wp","href":"https:\/\/api.w.org\/{rel}","templated":true}]}}