{"id":135,"date":"2020-11-13T15:29:18","date_gmt":"2020-11-13T18:29:18","guid":{"rendered":"http:\/\/novosite.ml\/?page_id=135"},"modified":"2020-12-17T20:01:32","modified_gmt":"2020-12-17T23:01:32","slug":"inglaterra","status":"publish","type":"page","link":"https:\/\/hellostudy.com.br\/he\/inglaterra\/","title":{"rendered":"Hello Inglaterra"},"content":{"rendered":"<h1><strong><img loading=\"lazy\" decoding=\"async\" class=\"alignnone size-full wp-image-1511\" src=\"http:\/\/novosite.ml\/he\/wp-content\/uploads\/2020\/12\/Destino-InglaterraHello-Study-Intercambio-1-3.png\" alt=\"\" width=\"96\" height=\"150\" \/>\u00a0Sobre a England<\/strong><\/h1>\n<p>Provavelmente na primeira vez em que voc\u00ea pensou em fazer interc\u00e2mbio em um pa\u00eds de l\u00edngua inglesa, a Inglaterra veio \u00e0 sua cabe\u00e7a. Certo? Voc\u00ea n\u00e3o foi o \u00fanico. A Inglaterra \u00e9 o destino de muitos brasileiros que pretendem aprimorar ou aprender a l\u00edngua inglesa do zero.<\/p>\n<p>A Inglaterra \u00e9 uma das na\u00e7\u00f5es constituintes do Reino Unido. O pa\u00eds faz fronteira com a Esc\u00f3cia, ao norte, e com o Pa\u00eds de Gales, \u00e0 oeste.<\/p>\n<p>Londres, a capital da Inglaterra e cidade mais populosa, \u00e9 a maior \u00e1rea metropolitana no Reino Unido e a maior zona urbana da Uni\u00e3o Europeia. A popula\u00e7\u00e3o inglesa \u00e9 de cerca de 51 milh\u00f5es de pessoas, cerca de 84% da popula\u00e7\u00e3o do Reino Unido \u00e9 majoritariamente concentrada em Londres, no sudeste e em aglomera\u00e7\u00f5es nas Midlands, no noroeste, no nordeste e em Yorkshire.<\/p>\n<h1><strong>Por que estudar na Inglaterra?<\/strong><\/h1>\n<p>A Inglaterra \u00e9 o ber\u00e7o da l\u00edngua inglesa e uma das melhores op\u00e7\u00f5es para o estudante brasileiro que quer aperfei\u00e7oar suas habilidades no idioma. Uma boa not\u00edcia para os brasileiros que pretendem estudar na Inglaterra por at\u00e9 6 meses \u00e9 a n\u00e3o obrigatoriedade de solicitar um visto ainda no Brasil, antes de embarcar para a Inglaterra.<\/p>\n<p>O visto para estudo tempor\u00e1rio, o Tier 4, \u00e9 concedido diretamente no aeroporto, mediante a comprova\u00e7\u00e3o de documentos.<\/p>\n<p>Al\u00e9m de aprender o ingl\u00eas brit\u00e2nico em institui\u00e7\u00f5es de excelente qualidade e da n\u00e3o necessidade de solicitar um visto ainda no Brasil, a Inglaterra tamb\u00e9m \u00e9 um dos destinos favoritos para os brasileiros pois permite que o estudante tenha contato com uma cultura muito rica e tamb\u00e9m pelo fato de ser muito pr\u00f3xima \u00e0 Europa, o que facilita viagens para conhecer outros pa\u00edses e culturas.<\/p>\n<p>Na Inglaterra, al\u00e9m dos cursos de tradicionais de ingl\u00eas, o estudante pode optar tamb\u00e9m por um curso de ingl\u00eas t\u00e9cnico, como Business English, cursos vocacionais voltados para as mais diversas \u00e1reas, superiores de gradua\u00e7\u00e3o, p\u00f3s-gradua\u00e7\u00e3o e mestrado, em institui\u00e7\u00f5es renomadas, como as Universidades de Cambridge e Oxford.<\/p>\n","protected":false},"excerpt":{"rendered":"<p>\u00a0Sobre a England Provavelmente na primeira vez em que voc\u00ea pensou em fazer interc\u00e2mbio em um pa\u00eds de l\u00edngua inglesa, a Inglaterra veio \u00e0 sua cabe\u00e7a. Certo? Voc\u00ea n\u00e3o foi o \u00fanico. A Inglaterra \u00e9 o destino de muitos brasileiros que pretendem aprimorar ou aprender a l\u00edngua inglesa do zero. A Inglaterra \u00e9 uma das &hellip; <a href=\"https:\/\/hellostudy.com.br\/he\/inglaterra\/\" class=\"more-link\">Continue reading <span class=\"screen-reader-text\">Hello Inglaterra<\/span><\/a><\/p>\n","protected":false},"author":1,"featured_media":0,"parent":0,"menu_order":0,"comment_status":"closed","ping_status":"closed","template":"","meta":{"_joinchat":[],"footnotes":""},"class_list":["post-135","page","type-page","status-publish","hentry"],"acf":[],"yoast_head":"<!-- This site is optimized with the Yoast SEO plugin v19.6.1 - https:\/\/yoast.com\/wordpress\/plugins\/seo\/ -->\n<title>Hello Inglaterra - Hello England | Interc\u00e2mbio<\/title>\n<meta name=\"robots\" content=\"index, follow, max-snippet:-1, max-image-preview:large, max-video-preview:-1\" \/>\n<link rel=\"canonical\" href=\"https:\/\/hellostudy.com.br\/he\/inglaterra\/\" \/>\n<meta property=\"og:locale\" content=\"pt_BR\" \/>\n<meta property=\"og:type\" content=\"article\" \/>\n<meta property=\"og:title\" content=\"Hello Inglaterra - Hello England | Interc\u00e2mbio\" \/>\n<meta property=\"og:description\" content=\"\u00a0Sobre a England Provavelmente na primeira vez em que voc\u00ea pensou em fazer interc\u00e2mbio em um pa\u00eds de l\u00edngua inglesa, a Inglaterra veio \u00e0 sua cabe\u00e7a. Certo? Voc\u00ea n\u00e3o foi o \u00fanico. A Inglaterra \u00e9 o destino de muitos brasileiros que pretendem aprimorar ou aprender a l\u00edngua inglesa do zero. A Inglaterra \u00e9 uma das &hellip; Continue reading Hello Inglaterra\" \/>\n<meta property=\"og:url\" content=\"https:\/\/hellostudy.com.br\/he\/inglaterra\/\" \/>\n<meta property=\"og:site_name\" content=\"Hello England | Interc\u00e2mbio\" \/>\n<meta property=\"article:modified_time\" content=\"2020-12-17T23:01:32+00:00\" \/>\n<meta property=\"og:image\" content=\"http:\/\/novosite.ml\/he\/wp-content\/uploads\/2020\/12\/Destino-InglaterraHello-Study-Intercambio-1-3.png\" \/>\n<meta name=\"twitter:card\" content=\"summary_large_image\" \/>\n<meta name=\"twitter:label1\" content=\"Est. tempo de leitura\" \/>\n\t<meta name=\"twitter:data1\" content=\"2 minutos\" \/>\n<script type=\"application\/ld+json\" class=\"yoast-schema-graph\">{\"@context\":\"https:\/\/schema.org\",\"@graph\":[{\"@type\":\"WebPage\",\"@id\":\"https:\/\/hellostudy.com.br\/he\/inglaterra\/\",\"url\":\"https:\/\/hellostudy.com.br\/he\/inglaterra\/\",\"name\":\"Hello Inglaterra - Hello England | Interc\u00e2mbio\",\"isPartOf\":{\"@id\":\"https:\/\/hellostudy.com.br\/he\/#website\"},\"datePublished\":\"2020-11-13T18:29:18+00:00\",\"dateModified\":\"2020-12-17T23:01:32+00:00\",\"breadcrumb\":{\"@id\":\"https:\/\/hellostudy.com.br\/he\/inglaterra\/#breadcrumb\"},\"inLanguage\":\"pt-BR\",\"potentialAction\":[{\"@type\":\"ReadAction\",\"target\":[\"https:\/\/hellostudy.com.br\/he\/inglaterra\/\"]}]},{\"@type\":\"BreadcrumbList\",\"@id\":\"https:\/\/hellostudy.com.br\/he\/inglaterra\/#breadcrumb\",\"itemListElement\":[{\"@type\":\"ListItem\",\"position\":1,\"name\":\"In\u00edcio\",\"item\":\"https:\/\/hellostudy.com.br\/he\/\"},{\"@type\":\"ListItem\",\"position\":2,\"name\":\"Hello Inglaterra\"}]},{\"@type\":\"WebSite\",\"@id\":\"https:\/\/hellostudy.com.br\/he\/#website\",\"url\":\"https:\/\/hellostudy.com.br\/he\/\",\"name\":\"Hello England | Interc\u00e2mbio\",\"description\":\"\",\"potentialAction\":[{\"@type\":\"SearchAction\",\"target\":{\"@type\":\"EntryPoint\",\"urlTemplate\":\"https:\/\/hellostudy.com.br\/he\/?s={search_term_string}\"},\"query-input\":\"required name=search_term_string\"}],\"inLanguage\":\"pt-BR\"}]}<\/script>\n<!-- \/ Yoast SEO plugin. -->","yoast_head_json":{"title":"Hello Inglaterra - Hello England | Interc\u00e2mbio","robots":{"index":"index","follow":"follow","max-snippet":"max-snippet:-1","max-image-preview":"max-image-preview:large","max-video-preview":"max-video-preview:-1"},"canonical":"https:\/\/hellostudy.com.br\/he\/inglaterra\/","og_locale":"pt_BR","og_type":"article","og_title":"Hello Inglaterra - Hello England | Interc\u00e2mbio","og_description":"\u00a0Sobre a England Provavelmente na primeira vez em que voc\u00ea pensou em fazer interc\u00e2mbio em um pa\u00eds de l\u00edngua inglesa, a Inglaterra veio \u00e0 sua cabe\u00e7a. Certo? Voc\u00ea n\u00e3o foi o \u00fanico. A Inglaterra \u00e9 o destino de muitos brasileiros que pretendem aprimorar ou aprender a l\u00edngua inglesa do zero. A Inglaterra \u00e9 uma das &hellip; Continue reading Hello Inglaterra","og_url":"https:\/\/hellostudy.com.br\/he\/inglaterra\/","og_site_name":"Hello England | Interc\u00e2mbio","article_modified_time":"2020-12-17T23:01:32+00:00","og_image":[{"url":"http:\/\/novosite.ml\/he\/wp-content\/uploads\/2020\/12\/Destino-InglaterraHello-Study-Intercambio-1-3.png"}],"twitter_card":"summary_large_image","twitter_misc":{"Est. tempo de leitura":"2 minutos"},"schema":{"@context":"https:\/\/schema.org","@graph":[{"@type":"WebPage","@id":"https:\/\/hellostudy.com.br\/he\/inglaterra\/","url":"https:\/\/hellostudy.com.br\/he\/inglaterra\/","name":"Hello Inglaterra - Hello England | Interc\u00e2mbio","isPartOf":{"@id":"https:\/\/hellostudy.com.br\/he\/#website"},"datePublished":"2020-11-13T18:29:18+00:00","dateModified":"2020-12-17T23:01:32+00:00","breadcrumb":{"@id":"https:\/\/hellostudy.com.br\/he\/inglaterra\/#breadcrumb"},"inLanguage":"pt-BR","potentialAction":[{"@type":"ReadAction","target":["https:\/\/hellostudy.com.br\/he\/inglaterra\/"]}]},{"@type":"BreadcrumbList","@id":"https:\/\/hellostudy.com.br\/he\/inglaterra\/#breadcrumb","itemListElement":[{"@type":"ListItem","position":1,"name":"In\u00edcio","item":"https:\/\/hellostudy.com.br\/he\/"},{"@type":"ListItem","position":2,"name":"Hello Inglaterra"}]},{"@type":"WebSite","@id":"https:\/\/hellostudy.com.br\/he\/#website","url":"https:\/\/hellostudy.com.br\/he\/","name":"Hello England | Interc\u00e2mbio","description":"","potentialAction":[{"@type":"SearchAction","target":{"@type":"EntryPoint","urlTemplate":"https:\/\/hellostudy.com.br\/he\/?s={search_term_string}"},"query-input":"required name=search_term_string"}],"inLanguage":"pt-BR"}]}},"_links":{"self":[{"href":"https:\/\/hellostudy.com.br\/he\/wp-json\/wp\/v2\/pages\/135","targetHints":{"allow":["GET"]}}],"collection":[{"href":"https:\/\/hellostudy.com.br\/he\/wp-json\/wp\/v2\/pages"}],"about":[{"href":"https:\/\/hellostudy.com.br\/he\/wp-json\/wp\/v2\/types\/page"}],"author":[{"embeddable":true,"href":"https:\/\/hellostudy.com.br\/he\/wp-json\/wp\/v2\/users\/1"}],"replies":[{"embeddable":true,"href":"https:\/\/hellostudy.com.br\/he\/wp-json\/wp\/v2\/comments?post=135"}],"version-history":[{"count":4,"href":"https:\/\/hellostudy.com.br\/he\/wp-json\/wp\/v2\/pages\/135\/revisions"}],"predecessor-version":[{"id":1572,"href":"https:\/\/hellostudy.com.br\/he\/wp-json\/wp\/v2\/pages\/135\/revisions\/1572"}],"wp:attachment":[{"href":"https:\/\/hellostudy.com.br\/he\/wp-json\/wp\/v2\/media?parent=135"}],"curies":[{"name":"wp","href":"https:\/\/api.w.org\/{rel}","templated":true}]}}