{"id":202,"date":"2020-11-15T15:38:14","date_gmt":"2020-11-15T18:38:14","guid":{"rendered":"http:\/\/novosite.ml\/?page_id=202"},"modified":"2021-01-28T16:53:02","modified_gmt":"2021-01-28T19:53:02","slug":"vistos","status":"publish","type":"page","link":"https:\/\/hellostudy.com.br\/hc\/vistos\/","title":{"rendered":"Vistos"},"content":{"rendered":"<p style=\"text-align: center;\">Quer ir para o Canad\u00e1 de f\u00e9rias ou fazer um interc\u00e2mbio? Conte com a Hello Study para organizar seu processo de visto. Nossa equipe ir\u00e1 solicitar a documenta\u00e7\u00e3o necess\u00e1ria para o visto que voc\u00ea precisa e far\u00e1 toda o processo junto \u00e0 embaixada canadense. Para o visto canadense, n\u00e3o \u00e9 necess\u00e1rio entrevista com a embaixada. Fazemos tudo para o seu interc\u00e2mbio ou viagem de curta dura\u00e7\u00e3o!<\/p>\n","protected":false},"excerpt":{"rendered":"<p>Quer ir para o Canad\u00e1 de f\u00e9rias ou fazer um interc\u00e2mbio? Conte com a Hello Study para organizar seu processo de visto. Nossa equipe ir\u00e1 solicitar a documenta\u00e7\u00e3o necess\u00e1ria para o visto que voc\u00ea precisa e far\u00e1 toda o processo junto \u00e0 embaixada canadense. Para o visto canadense, n\u00e3o \u00e9 necess\u00e1rio entrevista com a embaixada. &hellip; <a href=\"https:\/\/hellostudy.com.br\/hc\/vistos\/\" class=\"more-link\">Continue reading <span class=\"screen-reader-text\">Vistos<\/span><\/a><\/p>\n","protected":false},"author":1,"featured_media":0,"parent":0,"menu_order":0,"comment_status":"closed","ping_status":"closed","template":"","meta":{"_joinchat":[],"footnotes":""},"class_list":["post-202","page","type-page","status-publish","hentry"],"acf":[],"yoast_head":"<!-- This site is optimized with the Yoast SEO plugin v19.6.1 - https:\/\/yoast.com\/wordpress\/plugins\/seo\/ -->\n<title>Vistos de estudante e turista para o Canad\u00e1<\/title>\n<meta name=\"description\" content=\"Conte com a Hello Study para organizar seu processo de visto para o Canad\u00e1, seja ele de estudante ou turista\" \/>\n<meta name=\"robots\" content=\"index, follow, max-snippet:-1, max-image-preview:large, max-video-preview:-1\" \/>\n<link rel=\"canonical\" href=\"https:\/\/hellostudy.com.br\/hc\/vistos\/\" \/>\n<meta property=\"og:locale\" content=\"pt_BR\" \/>\n<meta property=\"og:type\" content=\"article\" \/>\n<meta property=\"og:title\" content=\"Vistos de estudante e turista para o Canad\u00e1\" \/>\n<meta property=\"og:description\" content=\"Conte com a Hello Study para organizar seu processo de visto para o Canad\u00e1, seja ele de estudante ou turista\" \/>\n<meta property=\"og:url\" content=\"https:\/\/hellostudy.com.br\/hc\/vistos\/\" \/>\n<meta property=\"og:site_name\" content=\"Hello Canada | Interc\u00e2mbio\" \/>\n<meta property=\"article:modified_time\" content=\"2021-01-28T19:53:02+00:00\" \/>\n<meta name=\"twitter:card\" content=\"summary_large_image\" \/>\n<script type=\"application\/ld+json\" class=\"yoast-schema-graph\">{\"@context\":\"https:\/\/schema.org\",\"@graph\":[{\"@type\":\"WebPage\",\"@id\":\"https:\/\/hellostudy.com.br\/hc\/vistos\/\",\"url\":\"https:\/\/hellostudy.com.br\/hc\/vistos\/\",\"name\":\"Vistos de estudante e turista para o Canad\u00e1\",\"isPartOf\":{\"@id\":\"https:\/\/hellostudy.com.br\/hc\/#website\"},\"datePublished\":\"2020-11-15T18:38:14+00:00\",\"dateModified\":\"2021-01-28T19:53:02+00:00\",\"description\":\"Conte com a Hello Study para organizar seu processo de visto para o Canad\u00e1, seja ele de estudante ou turista\",\"breadcrumb\":{\"@id\":\"https:\/\/hellostudy.com.br\/hc\/vistos\/#breadcrumb\"},\"inLanguage\":\"pt-BR\",\"potentialAction\":[{\"@type\":\"ReadAction\",\"target\":[\"https:\/\/hellostudy.com.br\/hc\/vistos\/\"]}]},{\"@type\":\"BreadcrumbList\",\"@id\":\"https:\/\/hellostudy.com.br\/hc\/vistos\/#breadcrumb\",\"itemListElement\":[{\"@type\":\"ListItem\",\"position\":1,\"name\":\"In\u00edcio\",\"item\":\"https:\/\/hellostudy.com.br\/hc\/\"},{\"@type\":\"ListItem\",\"position\":2,\"name\":\"Vistos\"}]},{\"@type\":\"WebSite\",\"@id\":\"https:\/\/hellostudy.com.br\/hc\/#website\",\"url\":\"https:\/\/hellostudy.com.br\/hc\/\",\"name\":\"Hello Canada | Interc\u00e2mbio\",\"description\":\"\",\"potentialAction\":[{\"@type\":\"SearchAction\",\"target\":{\"@type\":\"EntryPoint\",\"urlTemplate\":\"https:\/\/hellostudy.com.br\/hc\/?s={search_term_string}\"},\"query-input\":\"required name=search_term_string\"}],\"inLanguage\":\"pt-BR\"}]}<\/script>\n<!-- \/ Yoast SEO plugin. -->","yoast_head_json":{"title":"Vistos de estudante e turista para o Canad\u00e1","description":"Conte com a Hello Study para organizar seu processo de visto para o Canad\u00e1, seja ele de estudante ou turista","robots":{"index":"index","follow":"follow","max-snippet":"max-snippet:-1","max-image-preview":"max-image-preview:large","max-video-preview":"max-video-preview:-1"},"canonical":"https:\/\/hellostudy.com.br\/hc\/vistos\/","og_locale":"pt_BR","og_type":"article","og_title":"Vistos de estudante e turista para o Canad\u00e1","og_description":"Conte com a Hello Study para organizar seu processo de visto para o Canad\u00e1, seja ele de estudante ou turista","og_url":"https:\/\/hellostudy.com.br\/hc\/vistos\/","og_site_name":"Hello Canada | Interc\u00e2mbio","article_modified_time":"2021-01-28T19:53:02+00:00","twitter_card":"summary_large_image","schema":{"@context":"https:\/\/schema.org","@graph":[{"@type":"WebPage","@id":"https:\/\/hellostudy.com.br\/hc\/vistos\/","url":"https:\/\/hellostudy.com.br\/hc\/vistos\/","name":"Vistos de estudante e turista para o Canad\u00e1","isPartOf":{"@id":"https:\/\/hellostudy.com.br\/hc\/#website"},"datePublished":"2020-11-15T18:38:14+00:00","dateModified":"2021-01-28T19:53:02+00:00","description":"Conte com a Hello Study para organizar seu processo de visto para o Canad\u00e1, seja ele de estudante ou turista","breadcrumb":{"@id":"https:\/\/hellostudy.com.br\/hc\/vistos\/#breadcrumb"},"inLanguage":"pt-BR","potentialAction":[{"@type":"ReadAction","target":["https:\/\/hellostudy.com.br\/hc\/vistos\/"]}]},{"@type":"BreadcrumbList","@id":"https:\/\/hellostudy.com.br\/hc\/vistos\/#breadcrumb","itemListElement":[{"@type":"ListItem","position":1,"name":"In\u00edcio","item":"https:\/\/hellostudy.com.br\/hc\/"},{"@type":"ListItem","position":2,"name":"Vistos"}]},{"@type":"WebSite","@id":"https:\/\/hellostudy.com.br\/hc\/#website","url":"https:\/\/hellostudy.com.br\/hc\/","name":"Hello Canada | Interc\u00e2mbio","description":"","potentialAction":[{"@type":"SearchAction","target":{"@type":"EntryPoint","urlTemplate":"https:\/\/hellostudy.com.br\/hc\/?s={search_term_string}"},"query-input":"required name=search_term_string"}],"inLanguage":"pt-BR"}]}},"_links":{"self":[{"href":"https:\/\/hellostudy.com.br\/hc\/wp-json\/wp\/v2\/pages\/202","targetHints":{"allow":["GET"]}}],"collection":[{"href":"https:\/\/hellostudy.com.br\/hc\/wp-json\/wp\/v2\/pages"}],"about":[{"href":"https:\/\/hellostudy.com.br\/hc\/wp-json\/wp\/v2\/types\/page"}],"author":[{"embeddable":true,"href":"https:\/\/hellostudy.com.br\/hc\/wp-json\/wp\/v2\/users\/1"}],"replies":[{"embeddable":true,"href":"https:\/\/hellostudy.com.br\/hc\/wp-json\/wp\/v2\/comments?post=202"}],"version-history":[{"count":7,"href":"https:\/\/hellostudy.com.br\/hc\/wp-json\/wp\/v2\/pages\/202\/revisions"}],"predecessor-version":[{"id":1365,"href":"https:\/\/hellostudy.com.br\/hc\/wp-json\/wp\/v2\/pages\/202\/revisions\/1365"}],"wp:attachment":[{"href":"https:\/\/hellostudy.com.br\/hc\/wp-json\/wp\/v2\/media?parent=202"}],"curies":[{"name":"wp","href":"https:\/\/api.w.org\/{rel}","templated":true}]}}