{"id":200,"date":"2020-11-15T15:37:58","date_gmt":"2020-11-15T18:37:58","guid":{"rendered":"http:\/\/novosite.ml\/?page_id=200"},"modified":"2021-01-20T15:59:10","modified_gmt":"2021-01-20T18:59:10","slug":"estudo-trabalho","status":"publish","type":"page","link":"https:\/\/hellostudy.com.br\/hc\/estudo-trabalho\/","title":{"rendered":"Estudo\/Trabalho"},"content":{"rendered":"<h1><strong><img loading=\"lazy\" decoding=\"async\" class=\"alignnone wp-image-1246\" src=\"http:\/\/novosite.ml\/hc\/wp-content\/uploads\/2020\/12\/Icon-Regras-Hello-Study-Intercambio-Canada-1-1.png\" alt=\"\" width=\"94\" height=\"102\" \/>\u00a0Regras e permiss\u00f5es<\/strong><\/h1>\n<p>No Canad\u00e1, nem todos os estudantes internacionais podem trabalhar durante seu interc\u00e2mbio. Atualmente, a permiss\u00e3o de trabalho s\u00f3 \u00e9 concedida para aqueles que estiverem matriculados em um curo superior, seja em College ou Universidade. Caso voc\u00ea esteja estudando ingl\u00eas no Canad\u00e1, independentemente do per\u00edodo, voc\u00ea n\u00e3o tem permiss\u00e3o para trabalhar legalmente no pa\u00eds.<\/p>\n<p>O estudante pode optar tamb\u00e9m por fazer o programa de Co-op, em que h\u00e1 a obrigatoriedade de fazer um est\u00e1gio ao t\u00e9rmino do curso, mas este pode ser n\u00e3o-renumerado. Confira abaixo os trabalho mais comuns para os intercambistas no Canad\u00e1.<\/p>\n<p>&nbsp;<\/p>\n","protected":false},"excerpt":{"rendered":"<p>\u00a0Regras e permiss\u00f5es No Canad\u00e1, nem todos os estudantes internacionais podem trabalhar durante seu interc\u00e2mbio. Atualmente, a permiss\u00e3o de trabalho s\u00f3 \u00e9 concedida para aqueles que estiverem matriculados em um curo superior, seja em College ou Universidade. Caso voc\u00ea esteja estudando ingl\u00eas no Canad\u00e1, independentemente do per\u00edodo, voc\u00ea n\u00e3o tem permiss\u00e3o para trabalhar legalmente no &hellip; <a href=\"https:\/\/hellostudy.com.br\/hc\/estudo-trabalho\/\" class=\"more-link\">Continue reading <span class=\"screen-reader-text\">Estudo\/Trabalho<\/span><\/a><\/p>\n","protected":false},"author":1,"featured_media":0,"parent":0,"menu_order":0,"comment_status":"closed","ping_status":"closed","template":"","meta":{"_joinchat":[],"footnotes":""},"class_list":["post-200","page","type-page","status-publish","hentry"],"acf":[],"yoast_head":"<!-- This site is optimized with the Yoast SEO plugin v19.6.1 - https:\/\/yoast.com\/wordpress\/plugins\/seo\/ -->\n<title>Estudo\/Trabalho - Hello Canada | Interc\u00e2mbio<\/title>\n<meta name=\"robots\" content=\"index, follow, max-snippet:-1, max-image-preview:large, max-video-preview:-1\" \/>\n<link rel=\"canonical\" href=\"https:\/\/hellostudy.com.br\/hc\/estudo-trabalho\/\" \/>\n<meta property=\"og:locale\" content=\"pt_BR\" \/>\n<meta property=\"og:type\" content=\"article\" \/>\n<meta property=\"og:title\" content=\"Estudo\/Trabalho - Hello Canada | Interc\u00e2mbio\" \/>\n<meta property=\"og:description\" content=\"\u00a0Regras e permiss\u00f5es No Canad\u00e1, nem todos os estudantes internacionais podem trabalhar durante seu interc\u00e2mbio. Atualmente, a permiss\u00e3o de trabalho s\u00f3 \u00e9 concedida para aqueles que estiverem matriculados em um curo superior, seja em College ou Universidade. Caso voc\u00ea esteja estudando ingl\u00eas no Canad\u00e1, independentemente do per\u00edodo, voc\u00ea n\u00e3o tem permiss\u00e3o para trabalhar legalmente no &hellip; Continue reading Estudo\/Trabalho\" \/>\n<meta property=\"og:url\" content=\"https:\/\/hellostudy.com.br\/hc\/estudo-trabalho\/\" \/>\n<meta property=\"og:site_name\" content=\"Hello Canada | Interc\u00e2mbio\" \/>\n<meta property=\"article:modified_time\" content=\"2021-01-20T18:59:10+00:00\" \/>\n<meta property=\"og:image\" content=\"http:\/\/novosite.ml\/hc\/wp-content\/uploads\/2020\/12\/Icon-Regras-Hello-Study-Intercambio-Canada-1-1.png\" \/>\n<meta name=\"twitter:card\" content=\"summary_large_image\" \/>\n<meta name=\"twitter:label1\" content=\"Est. tempo de leitura\" \/>\n\t<meta name=\"twitter:data1\" content=\"1 minuto\" \/>\n<script type=\"application\/ld+json\" class=\"yoast-schema-graph\">{\"@context\":\"https:\/\/schema.org\",\"@graph\":[{\"@type\":\"WebPage\",\"@id\":\"https:\/\/hellostudy.com.br\/hc\/estudo-trabalho\/\",\"url\":\"https:\/\/hellostudy.com.br\/hc\/estudo-trabalho\/\",\"name\":\"Estudo\/Trabalho - Hello Canada | Interc\u00e2mbio\",\"isPartOf\":{\"@id\":\"https:\/\/hellostudy.com.br\/hc\/#website\"},\"datePublished\":\"2020-11-15T18:37:58+00:00\",\"dateModified\":\"2021-01-20T18:59:10+00:00\",\"breadcrumb\":{\"@id\":\"https:\/\/hellostudy.com.br\/hc\/estudo-trabalho\/#breadcrumb\"},\"inLanguage\":\"pt-BR\",\"potentialAction\":[{\"@type\":\"ReadAction\",\"target\":[\"https:\/\/hellostudy.com.br\/hc\/estudo-trabalho\/\"]}]},{\"@type\":\"BreadcrumbList\",\"@id\":\"https:\/\/hellostudy.com.br\/hc\/estudo-trabalho\/#breadcrumb\",\"itemListElement\":[{\"@type\":\"ListItem\",\"position\":1,\"name\":\"In\u00edcio\",\"item\":\"https:\/\/hellostudy.com.br\/hc\/\"},{\"@type\":\"ListItem\",\"position\":2,\"name\":\"Estudo\/Trabalho\"}]},{\"@type\":\"WebSite\",\"@id\":\"https:\/\/hellostudy.com.br\/hc\/#website\",\"url\":\"https:\/\/hellostudy.com.br\/hc\/\",\"name\":\"Hello Canada | Interc\u00e2mbio\",\"description\":\"\",\"potentialAction\":[{\"@type\":\"SearchAction\",\"target\":{\"@type\":\"EntryPoint\",\"urlTemplate\":\"https:\/\/hellostudy.com.br\/hc\/?s={search_term_string}\"},\"query-input\":\"required name=search_term_string\"}],\"inLanguage\":\"pt-BR\"}]}<\/script>\n<!-- \/ Yoast SEO plugin. -->","yoast_head_json":{"title":"Estudo\/Trabalho - Hello Canada | Interc\u00e2mbio","robots":{"index":"index","follow":"follow","max-snippet":"max-snippet:-1","max-image-preview":"max-image-preview:large","max-video-preview":"max-video-preview:-1"},"canonical":"https:\/\/hellostudy.com.br\/hc\/estudo-trabalho\/","og_locale":"pt_BR","og_type":"article","og_title":"Estudo\/Trabalho - Hello Canada | Interc\u00e2mbio","og_description":"\u00a0Regras e permiss\u00f5es No Canad\u00e1, nem todos os estudantes internacionais podem trabalhar durante seu interc\u00e2mbio. Atualmente, a permiss\u00e3o de trabalho s\u00f3 \u00e9 concedida para aqueles que estiverem matriculados em um curo superior, seja em College ou Universidade. Caso voc\u00ea esteja estudando ingl\u00eas no Canad\u00e1, independentemente do per\u00edodo, voc\u00ea n\u00e3o tem permiss\u00e3o para trabalhar legalmente no &hellip; Continue reading Estudo\/Trabalho","og_url":"https:\/\/hellostudy.com.br\/hc\/estudo-trabalho\/","og_site_name":"Hello Canada | Interc\u00e2mbio","article_modified_time":"2021-01-20T18:59:10+00:00","og_image":[{"url":"http:\/\/novosite.ml\/hc\/wp-content\/uploads\/2020\/12\/Icon-Regras-Hello-Study-Intercambio-Canada-1-1.png"}],"twitter_card":"summary_large_image","twitter_misc":{"Est. tempo de leitura":"1 minuto"},"schema":{"@context":"https:\/\/schema.org","@graph":[{"@type":"WebPage","@id":"https:\/\/hellostudy.com.br\/hc\/estudo-trabalho\/","url":"https:\/\/hellostudy.com.br\/hc\/estudo-trabalho\/","name":"Estudo\/Trabalho - Hello Canada | Interc\u00e2mbio","isPartOf":{"@id":"https:\/\/hellostudy.com.br\/hc\/#website"},"datePublished":"2020-11-15T18:37:58+00:00","dateModified":"2021-01-20T18:59:10+00:00","breadcrumb":{"@id":"https:\/\/hellostudy.com.br\/hc\/estudo-trabalho\/#breadcrumb"},"inLanguage":"pt-BR","potentialAction":[{"@type":"ReadAction","target":["https:\/\/hellostudy.com.br\/hc\/estudo-trabalho\/"]}]},{"@type":"BreadcrumbList","@id":"https:\/\/hellostudy.com.br\/hc\/estudo-trabalho\/#breadcrumb","itemListElement":[{"@type":"ListItem","position":1,"name":"In\u00edcio","item":"https:\/\/hellostudy.com.br\/hc\/"},{"@type":"ListItem","position":2,"name":"Estudo\/Trabalho"}]},{"@type":"WebSite","@id":"https:\/\/hellostudy.com.br\/hc\/#website","url":"https:\/\/hellostudy.com.br\/hc\/","name":"Hello Canada | Interc\u00e2mbio","description":"","potentialAction":[{"@type":"SearchAction","target":{"@type":"EntryPoint","urlTemplate":"https:\/\/hellostudy.com.br\/hc\/?s={search_term_string}"},"query-input":"required name=search_term_string"}],"inLanguage":"pt-BR"}]}},"_links":{"self":[{"href":"https:\/\/hellostudy.com.br\/hc\/wp-json\/wp\/v2\/pages\/200","targetHints":{"allow":["GET"]}}],"collection":[{"href":"https:\/\/hellostudy.com.br\/hc\/wp-json\/wp\/v2\/pages"}],"about":[{"href":"https:\/\/hellostudy.com.br\/hc\/wp-json\/wp\/v2\/types\/page"}],"author":[{"embeddable":true,"href":"https:\/\/hellostudy.com.br\/hc\/wp-json\/wp\/v2\/users\/1"}],"replies":[{"embeddable":true,"href":"https:\/\/hellostudy.com.br\/hc\/wp-json\/wp\/v2\/comments?post=200"}],"version-history":[{"count":24,"href":"https:\/\/hellostudy.com.br\/hc\/wp-json\/wp\/v2\/pages\/200\/revisions"}],"predecessor-version":[{"id":1353,"href":"https:\/\/hellostudy.com.br\/hc\/wp-json\/wp\/v2\/pages\/200\/revisions\/1353"}],"wp:attachment":[{"href":"https:\/\/hellostudy.com.br\/hc\/wp-json\/wp\/v2\/media?parent=200"}],"curies":[{"name":"wp","href":"https:\/\/api.w.org\/{rel}","templated":true}]}}