{"id":135,"date":"2020-11-13T15:29:18","date_gmt":"2020-11-13T18:29:18","guid":{"rendered":"http:\/\/novosite.ml\/?page_id=135"},"modified":"2021-02-01T17:50:52","modified_gmt":"2021-02-01T20:50:52","slug":"canada","status":"publish","type":"page","link":"https:\/\/hellostudy.com.br\/hc\/canada\/","title":{"rendered":"Hello Canada"},"content":{"rendered":"<h2><strong><img loading=\"lazy\" decoding=\"async\" class=\"alignnone wp-image-551 size-thumbnail\" src=\"https:\/\/hellostudy.com.br\/hc\/wp-content\/uploads\/2020\/11\/Destino-Canada-Hello-Study-Intercambio-1-150x150.png\" alt=\"\" width=\"150\" height=\"150\" \/>Sobre o Canad\u00e1<\/strong><\/h2>\n<p>Segundo pa\u00eds com maior territ\u00f3rio do mundo, o Canad\u00e1 \u00e9 o destino perfeito para quem procura qualidade de vida. O pa\u00eds tem um dos mais elevados padr\u00f5es de vida do mundo. Desde 1992, o Canad\u00e1 vem sendo apontado pela Organiza\u00e7\u00e3o das Na\u00e7\u00f5es Unidas (ONU) como um dos pa\u00edses de maior \u00cdndice de Desenvolvimento Humano (IDH) do mundo (que mede o progresso do desenvolvimento humano tendo por base a renda, a educa\u00e7\u00e3o e a sa\u00fade).<\/p>\n<p>Uma curiosidade que acaba atraindo intercambistas de todo o mundo para o Canad\u00e1 \u00e9 a variedade clim\u00e1tica do pa\u00eds, que agrada \u00e0queles que procuram o calor e tamb\u00e9m \u00e0quelas que querem ver neve pela primeira vez. Isso porque o pa\u00eds apresenta grandes varia\u00e7\u00f5es clim\u00e1ticas e possui as esta\u00e7\u00f5es bem definidas, especialmente na regi\u00e3o ao longo da fronteira com os Estados Unidos \u2013 regi\u00e3o mais populosa do Canad\u00e1, que se estende por 5.500 km. No ver\u00e3o, a temperatura durante o dia pode ultrapassar os 35\u00ba C, enquanto no inverno n\u00e3o \u00e9 raro chegar a -25\u00ba C. Na primavera e no outono as temperaturas s\u00e3o mais amenas.<\/p>\n<p>No norte do pa\u00eds, no entanto, as temperaturas v\u00e3o acima de 0\u00baC por apenas alguns meses.<\/p>\n<p>Por conta do frio intenso em algumas regi\u00f5es, os esportes de inverno, como h\u00f3quei no gelo, esqui e snowboard est\u00e3o entre os preferidos dos canadenses.<\/p>\n<h2>Por que estudar no Canad\u00e1?<\/h2>\n<p>O Canad\u00e1, um pa\u00eds bil\u00edngue (tem o ingl\u00eas e o franc\u00eas como l\u00ednguas oficiais), \u00e9 o principal destino que os brasileiros escolhem para fins de estudos de idiomas. Em 2016, por exemplo, o n\u00famero de brasileiros que foram estudar no Canad\u00e1 cresceu 6.9% se comparado ao ano anterior.<\/p>\n<p>O intercambista brasileiro tem diversos motivos para optar por estudar no Canad\u00e1. Al\u00e9m de se um dos pa\u00edses mais seguros e com melhor qualidade de vida do mundo, o povo canadense tamb\u00e9m se destaca pela educa\u00e7\u00e3o e cordialidade com turistas e estudantes internacionais.<\/p>\n<p>Muitos brasileiros optam pelo Canad\u00e1 por dois motivos: primeiro, \u00e9 um dos pa\u00edses de l\u00edngua ingl\u00eas mais pr\u00f3ximos do Brasil, atr\u00e1s apenas dos Estados Unidos. E tamb\u00e9m porque a moeda canadense \u00e9 mais baixa se comparado ao d\u00f3lar americano, que faz com que os custos para um interc\u00e2mbio sejam um pouco mais reduzidos. No Canad\u00e1, al\u00e9m dos cursos de tradicionais de ingl\u00eas, voc\u00ea pode optar tamb\u00e9m por um curso de ingl\u00eas t\u00e9cnico, como Business English, cursos vocacionais voltados para as mais diversas \u00e1reas, colleges superiores de gradua\u00e7\u00e3o, p\u00f3s-gradua\u00e7\u00e3o e mestrado.<\/p>\n<p>Nos casos em que o estudante opte por Colleges (sendo este p\u00fablico) ou cursos universit\u00e1rios, \u00e9 concedida uma permiss\u00e3o de trabalho de a partir 20h semanais. Ao t\u00e9rmino de um destes, o estudante internacional tamb\u00e9m \u00e9 eleg\u00edvel a aplicar um visto que permite trabalho por um per\u00edodo que varia de acordo com a dura\u00e7\u00e3o do curso que foi conclu\u00eddo, podendo este ter entre oito meses e tr\u00eas anos de validade.<\/p>\n","protected":false},"excerpt":{"rendered":"<p>Sobre o Canad\u00e1 Segundo pa\u00eds com maior territ\u00f3rio do mundo, o Canad\u00e1 \u00e9 o destino perfeito para quem procura qualidade de vida. O pa\u00eds tem um dos mais elevados padr\u00f5es de vida do mundo. Desde 1992, o Canad\u00e1 vem sendo apontado pela Organiza\u00e7\u00e3o das Na\u00e7\u00f5es Unidas (ONU) como um dos pa\u00edses de maior \u00cdndice de &hellip; <a href=\"https:\/\/hellostudy.com.br\/hc\/canada\/\" class=\"more-link\">Continue reading <span class=\"screen-reader-text\">Hello Canada<\/span><\/a><\/p>\n","protected":false},"author":1,"featured_media":0,"parent":0,"menu_order":0,"comment_status":"closed","ping_status":"closed","template":"","meta":{"_joinchat":[],"footnotes":""},"class_list":["post-135","page","type-page","status-publish","hentry"],"acf":[],"yoast_head":"<!-- This site is optimized with the Yoast SEO plugin v19.6.1 - https:\/\/yoast.com\/wordpress\/plugins\/seo\/ -->\n<title>Hello Canada - Hello Canada | Interc\u00e2mbio<\/title>\n<meta name=\"robots\" content=\"index, follow, max-snippet:-1, max-image-preview:large, max-video-preview:-1\" \/>\n<link rel=\"canonical\" href=\"https:\/\/hellostudy.com.br\/hc\/canada\/\" \/>\n<meta property=\"og:locale\" content=\"pt_BR\" \/>\n<meta property=\"og:type\" content=\"article\" \/>\n<meta property=\"og:title\" content=\"Hello Canada - Hello Canada | Interc\u00e2mbio\" \/>\n<meta property=\"og:description\" content=\"Sobre o Canad\u00e1 Segundo pa\u00eds com maior territ\u00f3rio do mundo, o Canad\u00e1 \u00e9 o destino perfeito para quem procura qualidade de vida. O pa\u00eds tem um dos mais elevados padr\u00f5es de vida do mundo. Desde 1992, o Canad\u00e1 vem sendo apontado pela Organiza\u00e7\u00e3o das Na\u00e7\u00f5es Unidas (ONU) como um dos pa\u00edses de maior \u00cdndice de &hellip; Continue reading Hello Canada\" \/>\n<meta property=\"og:url\" content=\"https:\/\/hellostudy.com.br\/hc\/canada\/\" \/>\n<meta property=\"og:site_name\" content=\"Hello Canada | Interc\u00e2mbio\" \/>\n<meta property=\"article:modified_time\" content=\"2021-02-01T20:50:52+00:00\" \/>\n<meta property=\"og:image\" content=\"https:\/\/hellostudy.com.br\/hc\/wp-content\/uploads\/2020\/11\/Destino-Canada-Hello-Study-Intercambio-1-150x150.png\" \/>\n<meta name=\"twitter:card\" content=\"summary_large_image\" \/>\n<meta name=\"twitter:label1\" content=\"Est. tempo de leitura\" \/>\n\t<meta name=\"twitter:data1\" content=\"3 minutos\" \/>\n<script type=\"application\/ld+json\" class=\"yoast-schema-graph\">{\"@context\":\"https:\/\/schema.org\",\"@graph\":[{\"@type\":\"WebPage\",\"@id\":\"https:\/\/hellostudy.com.br\/hc\/canada\/\",\"url\":\"https:\/\/hellostudy.com.br\/hc\/canada\/\",\"name\":\"Hello Canada - Hello Canada | Interc\u00e2mbio\",\"isPartOf\":{\"@id\":\"https:\/\/hellostudy.com.br\/hc\/#website\"},\"datePublished\":\"2020-11-13T18:29:18+00:00\",\"dateModified\":\"2021-02-01T20:50:52+00:00\",\"breadcrumb\":{\"@id\":\"https:\/\/hellostudy.com.br\/hc\/canada\/#breadcrumb\"},\"inLanguage\":\"pt-BR\",\"potentialAction\":[{\"@type\":\"ReadAction\",\"target\":[\"https:\/\/hellostudy.com.br\/hc\/canada\/\"]}]},{\"@type\":\"BreadcrumbList\",\"@id\":\"https:\/\/hellostudy.com.br\/hc\/canada\/#breadcrumb\",\"itemListElement\":[{\"@type\":\"ListItem\",\"position\":1,\"name\":\"In\u00edcio\",\"item\":\"https:\/\/hellostudy.com.br\/hc\/\"},{\"@type\":\"ListItem\",\"position\":2,\"name\":\"Hello Canada\"}]},{\"@type\":\"WebSite\",\"@id\":\"https:\/\/hellostudy.com.br\/hc\/#website\",\"url\":\"https:\/\/hellostudy.com.br\/hc\/\",\"name\":\"Hello Canada | Interc\u00e2mbio\",\"description\":\"\",\"potentialAction\":[{\"@type\":\"SearchAction\",\"target\":{\"@type\":\"EntryPoint\",\"urlTemplate\":\"https:\/\/hellostudy.com.br\/hc\/?s={search_term_string}\"},\"query-input\":\"required name=search_term_string\"}],\"inLanguage\":\"pt-BR\"}]}<\/script>\n<!-- \/ Yoast SEO plugin. -->","yoast_head_json":{"title":"Hello Canada - Hello Canada | Interc\u00e2mbio","robots":{"index":"index","follow":"follow","max-snippet":"max-snippet:-1","max-image-preview":"max-image-preview:large","max-video-preview":"max-video-preview:-1"},"canonical":"https:\/\/hellostudy.com.br\/hc\/canada\/","og_locale":"pt_BR","og_type":"article","og_title":"Hello Canada - Hello Canada | Interc\u00e2mbio","og_description":"Sobre o Canad\u00e1 Segundo pa\u00eds com maior territ\u00f3rio do mundo, o Canad\u00e1 \u00e9 o destino perfeito para quem procura qualidade de vida. O pa\u00eds tem um dos mais elevados padr\u00f5es de vida do mundo. Desde 1992, o Canad\u00e1 vem sendo apontado pela Organiza\u00e7\u00e3o das Na\u00e7\u00f5es Unidas (ONU) como um dos pa\u00edses de maior \u00cdndice de &hellip; Continue reading Hello Canada","og_url":"https:\/\/hellostudy.com.br\/hc\/canada\/","og_site_name":"Hello Canada | Interc\u00e2mbio","article_modified_time":"2021-02-01T20:50:52+00:00","og_image":[{"url":"https:\/\/hellostudy.com.br\/hc\/wp-content\/uploads\/2020\/11\/Destino-Canada-Hello-Study-Intercambio-1-150x150.png"}],"twitter_card":"summary_large_image","twitter_misc":{"Est. tempo de leitura":"3 minutos"},"schema":{"@context":"https:\/\/schema.org","@graph":[{"@type":"WebPage","@id":"https:\/\/hellostudy.com.br\/hc\/canada\/","url":"https:\/\/hellostudy.com.br\/hc\/canada\/","name":"Hello Canada - Hello Canada | Interc\u00e2mbio","isPartOf":{"@id":"https:\/\/hellostudy.com.br\/hc\/#website"},"datePublished":"2020-11-13T18:29:18+00:00","dateModified":"2021-02-01T20:50:52+00:00","breadcrumb":{"@id":"https:\/\/hellostudy.com.br\/hc\/canada\/#breadcrumb"},"inLanguage":"pt-BR","potentialAction":[{"@type":"ReadAction","target":["https:\/\/hellostudy.com.br\/hc\/canada\/"]}]},{"@type":"BreadcrumbList","@id":"https:\/\/hellostudy.com.br\/hc\/canada\/#breadcrumb","itemListElement":[{"@type":"ListItem","position":1,"name":"In\u00edcio","item":"https:\/\/hellostudy.com.br\/hc\/"},{"@type":"ListItem","position":2,"name":"Hello Canada"}]},{"@type":"WebSite","@id":"https:\/\/hellostudy.com.br\/hc\/#website","url":"https:\/\/hellostudy.com.br\/hc\/","name":"Hello Canada | Interc\u00e2mbio","description":"","potentialAction":[{"@type":"SearchAction","target":{"@type":"EntryPoint","urlTemplate":"https:\/\/hellostudy.com.br\/hc\/?s={search_term_string}"},"query-input":"required name=search_term_string"}],"inLanguage":"pt-BR"}]}},"_links":{"self":[{"href":"https:\/\/hellostudy.com.br\/hc\/wp-json\/wp\/v2\/pages\/135","targetHints":{"allow":["GET"]}}],"collection":[{"href":"https:\/\/hellostudy.com.br\/hc\/wp-json\/wp\/v2\/pages"}],"about":[{"href":"https:\/\/hellostudy.com.br\/hc\/wp-json\/wp\/v2\/types\/page"}],"author":[{"embeddable":true,"href":"https:\/\/hellostudy.com.br\/hc\/wp-json\/wp\/v2\/users\/1"}],"replies":[{"embeddable":true,"href":"https:\/\/hellostudy.com.br\/hc\/wp-json\/wp\/v2\/comments?post=135"}],"version-history":[{"count":9,"href":"https:\/\/hellostudy.com.br\/hc\/wp-json\/wp\/v2\/pages\/135\/revisions"}],"predecessor-version":[{"id":1383,"href":"https:\/\/hellostudy.com.br\/hc\/wp-json\/wp\/v2\/pages\/135\/revisions\/1383"}],"wp:attachment":[{"href":"https:\/\/hellostudy.com.br\/hc\/wp-json\/wp\/v2\/media?parent=135"}],"curies":[{"name":"wp","href":"https:\/\/api.w.org\/{rel}","templated":true}]}}