{"id":278,"date":"2020-11-15T17:11:44","date_gmt":"2020-11-15T20:11:44","guid":{"rendered":"http:\/\/novosite.ml\/?page_id=278"},"modified":"2021-02-02T11:01:56","modified_gmt":"2021-02-02T14:01:56","slug":"home","status":"publish","type":"page","link":"https:\/\/hellostudy.com.br\/ha\/","title":{"rendered":"Home"},"content":{"rendered":"<p><span class=\"font-size-28 cor-branca\">Ficou interessado? Fa\u00e7a um or\u00e7amento agora mesmo!<\/span><\/p>\n","protected":false},"excerpt":{"rendered":"<p>Ficou interessado? Fa\u00e7a um or\u00e7amento agora mesmo!<\/p>\n","protected":false},"author":1,"featured_media":0,"parent":0,"menu_order":0,"comment_status":"closed","ping_status":"closed","template":"","meta":{"_joinchat":[]},"acf":[],"yoast_head":"<!-- This site is optimized with the Yoast SEO plugin v19.6.1 - https:\/\/yoast.com\/wordpress\/plugins\/seo\/ -->\n<title>Hello Australia - Sua ag\u00eancia de interc\u00e2mbio para a Austr\u00e1lia<\/title>\n<meta name=\"description\" content=\"Hello Australia - Sua ag\u00eancia de interc\u00e2mbio para a Austr\u00e1lia! Frio, calor, praia, neve\u2026 Se voc\u00ea quer aprender ingl\u00eas, temos os melhores d...\" \/>\n<meta name=\"robots\" content=\"index, follow, max-snippet:-1, max-image-preview:large, max-video-preview:-1\" \/>\n<link rel=\"canonical\" href=\"https:\/\/hellostudy.com.br\/ha\/\" \/>\n<meta property=\"og:locale\" content=\"pt_BR\" \/>\n<meta property=\"og:type\" content=\"article\" \/>\n<meta property=\"og:title\" content=\"Hello Australia - Sua ag\u00eancia de interc\u00e2mbio para a Austr\u00e1lia\" \/>\n<meta property=\"og:description\" content=\"Hello Australia - Sua ag\u00eancia de interc\u00e2mbio para a Austr\u00e1lia! Frio, calor, praia, neve\u2026 Se voc\u00ea quer aprender ingl\u00eas, temos os melhores d...\" \/>\n<meta property=\"og:url\" content=\"https:\/\/hellostudy.com.br\/ha\/\" \/>\n<meta property=\"og:site_name\" content=\"Hello Australia | Interc\u00e2mbio\" \/>\n<meta property=\"article:modified_time\" content=\"2021-02-02T14:01:56+00:00\" \/>\n<meta name=\"twitter:card\" content=\"summary_large_image\" \/>\n<script type=\"application\/ld+json\" class=\"yoast-schema-graph\">{\"@context\":\"https:\/\/schema.org\",\"@graph\":[{\"@type\":\"WebPage\",\"@id\":\"https:\/\/hellostudy.com.br\/ha\/\",\"url\":\"https:\/\/hellostudy.com.br\/ha\/\",\"name\":\"Hello Australia - Sua ag\u00eancia de interc\u00e2mbio para a Austr\u00e1lia\",\"isPartOf\":{\"@id\":\"https:\/\/hellostudy.com.br\/ha\/#website\"},\"datePublished\":\"2020-11-15T20:11:44+00:00\",\"dateModified\":\"2021-02-02T14:01:56+00:00\",\"description\":\"Hello Australia - Sua ag\u00eancia de interc\u00e2mbio para a Austr\u00e1lia! Frio, calor, praia, neve\u2026 Se voc\u00ea quer aprender ingl\u00eas, temos os melhores d...\",\"breadcrumb\":{\"@id\":\"https:\/\/hellostudy.com.br\/ha\/#breadcrumb\"},\"inLanguage\":\"pt-BR\",\"potentialAction\":[{\"@type\":\"ReadAction\",\"target\":[\"https:\/\/hellostudy.com.br\/ha\/\"]}]},{\"@type\":\"BreadcrumbList\",\"@id\":\"https:\/\/hellostudy.com.br\/ha\/#breadcrumb\",\"itemListElement\":[{\"@type\":\"ListItem\",\"position\":1,\"name\":\"In\u00edcio\",\"item\":\"https:\/\/hellostudy.com.br\/ha\/\"},{\"@type\":\"ListItem\",\"position\":2,\"name\":\"Home\"}]},{\"@type\":\"WebSite\",\"@id\":\"https:\/\/hellostudy.com.br\/ha\/#website\",\"url\":\"https:\/\/hellostudy.com.br\/ha\/\",\"name\":\"Hello Australia | Interc\u00e2mbio\",\"description\":\"\",\"potentialAction\":[{\"@type\":\"SearchAction\",\"target\":{\"@type\":\"EntryPoint\",\"urlTemplate\":\"https:\/\/hellostudy.com.br\/ha\/?s={search_term_string}\"},\"query-input\":\"required name=search_term_string\"}],\"inLanguage\":\"pt-BR\"}]}<\/script>\n<!-- \/ Yoast SEO plugin. -->","yoast_head_json":{"title":"Hello Australia - Sua ag\u00eancia de interc\u00e2mbio para a Austr\u00e1lia","description":"Hello Australia - Sua ag\u00eancia de interc\u00e2mbio para a Austr\u00e1lia! Frio, calor, praia, neve\u2026 Se voc\u00ea quer aprender ingl\u00eas, temos os melhores d...","robots":{"index":"index","follow":"follow","max-snippet":"max-snippet:-1","max-image-preview":"max-image-preview:large","max-video-preview":"max-video-preview:-1"},"canonical":"https:\/\/hellostudy.com.br\/ha\/","og_locale":"pt_BR","og_type":"article","og_title":"Hello Australia - Sua ag\u00eancia de interc\u00e2mbio para a Austr\u00e1lia","og_description":"Hello Australia - Sua ag\u00eancia de interc\u00e2mbio para a Austr\u00e1lia! Frio, calor, praia, neve\u2026 Se voc\u00ea quer aprender ingl\u00eas, temos os melhores d...","og_url":"https:\/\/hellostudy.com.br\/ha\/","og_site_name":"Hello Australia | Interc\u00e2mbio","article_modified_time":"2021-02-02T14:01:56+00:00","twitter_card":"summary_large_image","schema":{"@context":"https:\/\/schema.org","@graph":[{"@type":"WebPage","@id":"https:\/\/hellostudy.com.br\/ha\/","url":"https:\/\/hellostudy.com.br\/ha\/","name":"Hello Australia - Sua ag\u00eancia de interc\u00e2mbio para a Austr\u00e1lia","isPartOf":{"@id":"https:\/\/hellostudy.com.br\/ha\/#website"},"datePublished":"2020-11-15T20:11:44+00:00","dateModified":"2021-02-02T14:01:56+00:00","description":"Hello Australia - Sua ag\u00eancia de interc\u00e2mbio para a Austr\u00e1lia! Frio, calor, praia, neve\u2026 Se voc\u00ea quer aprender ingl\u00eas, temos os melhores d...","breadcrumb":{"@id":"https:\/\/hellostudy.com.br\/ha\/#breadcrumb"},"inLanguage":"pt-BR","potentialAction":[{"@type":"ReadAction","target":["https:\/\/hellostudy.com.br\/ha\/"]}]},{"@type":"BreadcrumbList","@id":"https:\/\/hellostudy.com.br\/ha\/#breadcrumb","itemListElement":[{"@type":"ListItem","position":1,"name":"In\u00edcio","item":"https:\/\/hellostudy.com.br\/ha\/"},{"@type":"ListItem","position":2,"name":"Home"}]},{"@type":"WebSite","@id":"https:\/\/hellostudy.com.br\/ha\/#website","url":"https:\/\/hellostudy.com.br\/ha\/","name":"Hello Australia | Interc\u00e2mbio","description":"","potentialAction":[{"@type":"SearchAction","target":{"@type":"EntryPoint","urlTemplate":"https:\/\/hellostudy.com.br\/ha\/?s={search_term_string}"},"query-input":"required name=search_term_string"}],"inLanguage":"pt-BR"}]}},"_links":{"self":[{"href":"https:\/\/hellostudy.com.br\/ha\/wp-json\/wp\/v2\/pages\/278"}],"collection":[{"href":"https:\/\/hellostudy.com.br\/ha\/wp-json\/wp\/v2\/pages"}],"about":[{"href":"https:\/\/hellostudy.com.br\/ha\/wp-json\/wp\/v2\/types\/page"}],"author":[{"embeddable":true,"href":"https:\/\/hellostudy.com.br\/ha\/wp-json\/wp\/v2\/users\/1"}],"replies":[{"embeddable":true,"href":"https:\/\/hellostudy.com.br\/ha\/wp-json\/wp\/v2\/comments?post=278"}],"version-history":[{"count":9,"href":"https:\/\/hellostudy.com.br\/ha\/wp-json\/wp\/v2\/pages\/278\/revisions"}],"predecessor-version":[{"id":1169,"href":"https:\/\/hellostudy.com.br\/ha\/wp-json\/wp\/v2\/pages\/278\/revisions\/1169"}],"wp:attachment":[{"href":"https:\/\/hellostudy.com.br\/ha\/wp-json\/wp\/v2\/media?parent=278"}],"curies":[{"name":"wp","href":"https:\/\/api.w.org\/{rel}","templated":true}]}}