{"id":202,"date":"2020-11-15T15:38:14","date_gmt":"2020-11-15T18:38:14","guid":{"rendered":"http:\/\/novosite.ml\/?page_id=202"},"modified":"2026-01-06T12:57:44","modified_gmt":"2026-01-06T15:57:44","slug":"vistos","status":"publish","type":"page","link":"https:\/\/hellostudy.com.br\/ha\/vistos\/","title":{"rendered":"Vistos"},"content":{"rendered":"<p style=\"text-align: center;\">Conte com a Hello Study para organizar seu processo de visto. Nossa equipe ir\u00e1 solicitar a documenta\u00e7\u00e3o necess\u00e1ria para o visto que voc\u00ea precisa e far\u00e1 toda o processo junto \u00e0 embaixada australiana. Para o visto australiano, n\u00e3o \u00e9 necess\u00e1rio entrevista com a embaixada. Fazemos tudo para o seu interc\u00e2mbio ou viagem de curta dura\u00e7\u00e3o!<\/p>\n","protected":false},"excerpt":{"rendered":"<p>Conte com a Hello Study para organizar seu processo de visto. Nossa equipe ir\u00e1 solicitar a documenta\u00e7\u00e3o necess\u00e1ria para o visto que voc\u00ea precisa e far\u00e1 toda o processo junto \u00e0 embaixada australiana. Para o visto australiano, n\u00e3o \u00e9 necess\u00e1rio entrevista com a embaixada. Fazemos tudo para o seu interc\u00e2mbio ou viagem de curta dura\u00e7\u00e3o!<\/p>\n","protected":false},"author":1,"featured_media":0,"parent":0,"menu_order":0,"comment_status":"closed","ping_status":"closed","template":"","meta":{"_joinchat":[]},"acf":[],"yoast_head":"<!-- This site is optimized with the Yoast SEO plugin v19.6.1 - https:\/\/yoast.com\/wordpress\/plugins\/seo\/ -->\n<title>Vistos - Hello Australia | Interc\u00e2mbio<\/title>\n<meta name=\"description\" content=\"Conte com a Hello Study para organizar seu processo de visto para a Austr\u00e1lia, seja ele de estudante ou turista\" \/>\n<meta name=\"robots\" content=\"index, follow, max-snippet:-1, max-image-preview:large, max-video-preview:-1\" \/>\n<link rel=\"canonical\" href=\"https:\/\/hellostudy.com.br\/ha\/vistos\/\" \/>\n<meta property=\"og:locale\" content=\"pt_BR\" \/>\n<meta property=\"og:type\" content=\"article\" \/>\n<meta property=\"og:title\" content=\"Vistos - Hello Australia | Interc\u00e2mbio\" \/>\n<meta property=\"og:description\" content=\"Conte com a Hello Study para organizar seu processo de visto para a Austr\u00e1lia, seja ele de estudante ou turista\" \/>\n<meta property=\"og:url\" content=\"https:\/\/hellostudy.com.br\/ha\/vistos\/\" \/>\n<meta property=\"og:site_name\" content=\"Hello Australia | Interc\u00e2mbio\" \/>\n<meta property=\"article:modified_time\" content=\"2026-01-06T15:57:44+00:00\" \/>\n<meta name=\"twitter:card\" content=\"summary_large_image\" \/>\n<meta name=\"twitter:label1\" content=\"Est. tempo de leitura\" \/>\n\t<meta name=\"twitter:data1\" content=\"1 minuto\" \/>\n<script type=\"application\/ld+json\" class=\"yoast-schema-graph\">{\"@context\":\"https:\/\/schema.org\",\"@graph\":[{\"@type\":\"WebPage\",\"@id\":\"https:\/\/hellostudy.com.br\/ha\/vistos\/\",\"url\":\"https:\/\/hellostudy.com.br\/ha\/vistos\/\",\"name\":\"Vistos - Hello Australia | Interc\u00e2mbio\",\"isPartOf\":{\"@id\":\"https:\/\/hellostudy.com.br\/ha\/#website\"},\"datePublished\":\"2020-11-15T18:38:14+00:00\",\"dateModified\":\"2026-01-06T15:57:44+00:00\",\"description\":\"Conte com a Hello Study para organizar seu processo de visto para a Austr\u00e1lia, seja ele de estudante ou turista\",\"breadcrumb\":{\"@id\":\"https:\/\/hellostudy.com.br\/ha\/vistos\/#breadcrumb\"},\"inLanguage\":\"pt-BR\",\"potentialAction\":[{\"@type\":\"ReadAction\",\"target\":[\"https:\/\/hellostudy.com.br\/ha\/vistos\/\"]}]},{\"@type\":\"BreadcrumbList\",\"@id\":\"https:\/\/hellostudy.com.br\/ha\/vistos\/#breadcrumb\",\"itemListElement\":[{\"@type\":\"ListItem\",\"position\":1,\"name\":\"In\u00edcio\",\"item\":\"https:\/\/hellostudy.com.br\/ha\/\"},{\"@type\":\"ListItem\",\"position\":2,\"name\":\"Vistos\"}]},{\"@type\":\"WebSite\",\"@id\":\"https:\/\/hellostudy.com.br\/ha\/#website\",\"url\":\"https:\/\/hellostudy.com.br\/ha\/\",\"name\":\"Hello Australia | Interc\u00e2mbio\",\"description\":\"\",\"potentialAction\":[{\"@type\":\"SearchAction\",\"target\":{\"@type\":\"EntryPoint\",\"urlTemplate\":\"https:\/\/hellostudy.com.br\/ha\/?s={search_term_string}\"},\"query-input\":\"required name=search_term_string\"}],\"inLanguage\":\"pt-BR\"}]}<\/script>\n<!-- \/ Yoast SEO plugin. -->","yoast_head_json":{"title":"Vistos - Hello Australia | Interc\u00e2mbio","description":"Conte com a Hello Study para organizar seu processo de visto para a Austr\u00e1lia, seja ele de estudante ou turista","robots":{"index":"index","follow":"follow","max-snippet":"max-snippet:-1","max-image-preview":"max-image-preview:large","max-video-preview":"max-video-preview:-1"},"canonical":"https:\/\/hellostudy.com.br\/ha\/vistos\/","og_locale":"pt_BR","og_type":"article","og_title":"Vistos - Hello Australia | Interc\u00e2mbio","og_description":"Conte com a Hello Study para organizar seu processo de visto para a Austr\u00e1lia, seja ele de estudante ou turista","og_url":"https:\/\/hellostudy.com.br\/ha\/vistos\/","og_site_name":"Hello Australia | Interc\u00e2mbio","article_modified_time":"2026-01-06T15:57:44+00:00","twitter_card":"summary_large_image","twitter_misc":{"Est. tempo de leitura":"1 minuto"},"schema":{"@context":"https:\/\/schema.org","@graph":[{"@type":"WebPage","@id":"https:\/\/hellostudy.com.br\/ha\/vistos\/","url":"https:\/\/hellostudy.com.br\/ha\/vistos\/","name":"Vistos - Hello Australia | Interc\u00e2mbio","isPartOf":{"@id":"https:\/\/hellostudy.com.br\/ha\/#website"},"datePublished":"2020-11-15T18:38:14+00:00","dateModified":"2026-01-06T15:57:44+00:00","description":"Conte com a Hello Study para organizar seu processo de visto para a Austr\u00e1lia, seja ele de estudante ou turista","breadcrumb":{"@id":"https:\/\/hellostudy.com.br\/ha\/vistos\/#breadcrumb"},"inLanguage":"pt-BR","potentialAction":[{"@type":"ReadAction","target":["https:\/\/hellostudy.com.br\/ha\/vistos\/"]}]},{"@type":"BreadcrumbList","@id":"https:\/\/hellostudy.com.br\/ha\/vistos\/#breadcrumb","itemListElement":[{"@type":"ListItem","position":1,"name":"In\u00edcio","item":"https:\/\/hellostudy.com.br\/ha\/"},{"@type":"ListItem","position":2,"name":"Vistos"}]},{"@type":"WebSite","@id":"https:\/\/hellostudy.com.br\/ha\/#website","url":"https:\/\/hellostudy.com.br\/ha\/","name":"Hello Australia | Interc\u00e2mbio","description":"","potentialAction":[{"@type":"SearchAction","target":{"@type":"EntryPoint","urlTemplate":"https:\/\/hellostudy.com.br\/ha\/?s={search_term_string}"},"query-input":"required name=search_term_string"}],"inLanguage":"pt-BR"}]}},"_links":{"self":[{"href":"https:\/\/hellostudy.com.br\/ha\/wp-json\/wp\/v2\/pages\/202"}],"collection":[{"href":"https:\/\/hellostudy.com.br\/ha\/wp-json\/wp\/v2\/pages"}],"about":[{"href":"https:\/\/hellostudy.com.br\/ha\/wp-json\/wp\/v2\/types\/page"}],"author":[{"embeddable":true,"href":"https:\/\/hellostudy.com.br\/ha\/wp-json\/wp\/v2\/users\/1"}],"replies":[{"embeddable":true,"href":"https:\/\/hellostudy.com.br\/ha\/wp-json\/wp\/v2\/comments?post=202"}],"version-history":[{"count":20,"href":"https:\/\/hellostudy.com.br\/ha\/wp-json\/wp\/v2\/pages\/202\/revisions"}],"predecessor-version":[{"id":1349,"href":"https:\/\/hellostudy.com.br\/ha\/wp-json\/wp\/v2\/pages\/202\/revisions\/1349"}],"wp:attachment":[{"href":"https:\/\/hellostudy.com.br\/ha\/wp-json\/wp\/v2\/media?parent=202"}],"curies":[{"name":"wp","href":"https:\/\/api.w.org\/{rel}","templated":true}]}}