{"id":200,"date":"2020-11-15T15:37:58","date_gmt":"2020-11-15T18:37:58","guid":{"rendered":"http:\/\/novosite.ml\/?page_id=200"},"modified":"2024-01-11T13:40:24","modified_gmt":"2024-01-11T16:40:24","slug":"estudo-trabalho","status":"publish","type":"page","link":"https:\/\/hellostudy.com.br\/ha\/estudo-trabalho\/","title":{"rendered":"Estudo\/Trabalho"},"content":{"rendered":"<h1><strong data-wp-editing=\"1\"><img loading=\"lazy\" class=\"alignnone wp-image-791\" src=\"http:\/\/novosite.ml\/ha\/wp-content\/uploads\/2020\/12\/Permisso\u0303es-274x300.png\" alt=\"\" width=\"111\" height=\"121\" srcset=\"https:\/\/hellostudy.com.br\/ha\/wp-content\/uploads\/2020\/12\/Permisso\u0303es-274x300.png 274w, https:\/\/hellostudy.com.br\/ha\/wp-content\/uploads\/2020\/12\/Permisso\u0303es.png 333w\" sizes=\"(max-width: 111px) 100vw, 111px\" \/>Permiss\u00f5es<\/strong><\/h1>\n<p>Na Austr\u00e1lia, o portador do visto de estudante (para quem est\u00e1 matriculado em curso de, pelo menos, tr\u00eas meses) tem a permiss\u00e3o de trabalhar 48h quinzenais, a partir do primeiro dia de aula. Durante o per\u00edodo de f\u00e9rias (um m\u00eas ap\u00f3s o t\u00e9rmino do curso), o estudante tem permiss\u00e3o para trabalhar full-time. Ou seja, n\u00e3o h\u00e1 limita\u00e7\u00e3o de horas semanais ou quinzenais.<\/p>\n<p>&nbsp;<\/p>\n<h1><strong>Como tirar o Tax File Number?<\/strong><\/h1>\n<p>Todos aqueles que possuem o visto de estudante australiano no passaporte j\u00e1 est\u00e3o automaticamente autorizados a trabalhar na Austr\u00e1lia. No entanto, ao entrar no pa\u00eds, \u00e9 necess\u00e1rio dar entrada no pedido do TFN \u2013 Tax File Number (N\u00famero do Arquivo Tarif\u00e1rio). As empresas precisam deste n\u00famero para poder registrar e recolher os impostos dos empregados.<\/p>\n<p>O Tax File Number \u00e9 um registro utilizado na Austr\u00e1lia e \u00e9 exigido por todas as empresas. O TFN tamb\u00e9m \u00e9 utilizado para solicitar o retorno de parte do imposto pago durante o ano fiscal trabalhado.<\/p>\n<p>&nbsp;<\/p>\n<h1><strong>Como tirar o Tax File Number?<\/strong><\/h1>\n<p>As ag\u00eancias da Hello Australia de Brisbane, Sydney e Melbourne est\u00e3o preparadas para ajudar os estudantes a tirarem o TFN. No entanto, esta solicita\u00e7\u00e3o, que \u00e9 feita pela internet, pode ser realizada atrav\u00e9s do site da Australian Taxation Office (ATO) e n\u00e3o custa nada. Trata-se de um formul\u00e1rio em ingl\u00eas onde o estudante deve incluir seus dados para solicitar o Tax File Number. Um dos \u00edtens solicitados \u00e9 o endere\u00e7o na Austr\u00e1lia, pois a carta contendo o n\u00famero do registro ser\u00e1 enviada para l\u00e1. Vale lembrar que por mais que este servi\u00e7o seja online, s\u00f3 deve ser realizado ap\u00f3s a chegada do estudante no pa\u00eds, uma vez que dever\u00e1 estar l\u00e1 para receber o documento.<\/p>\n<p>&nbsp;<\/p>\n<h1><strong>Impostos<\/strong><\/h1>\n<p>Qualquer pessoa que tenha trabalhado na Austr\u00e1lia utilizando o Tax File Number, durante o per\u00edodo fiscal (que vai do dia 1\u00ba de Julho at\u00e9 o dia 31 de Junho do ano seguinte), deve fazer a declara\u00e7\u00e3o do imposto de renda, em busca do Tax Return. Ou seja, da restitui\u00e7\u00e3o do imposto de renda. Qualquer per\u00edodo trabalhado deve ser declarado. A vantagem disso \u00e9 que ap\u00f3s a avalia\u00e7\u00e3o do governo (que demora poucos dias), \u00e9 poss\u00edvel receber algum dinheiro de volta, uma vez que os impostos s\u00e3o debitados do sal\u00e1rio do empregado. Ao receber a declara\u00e7\u00e3o de renda no final do ano fiscal, o governo avalia e devolve o dinheiro para quem pagou a mais (vale lembrar que pode acontecer o contr\u00e1rio). No entanto, quase sempre os estudantes acabam recebendo dinheiro de volta e usando para viajar na Austr\u00e1lia.<\/p>\n<p>&nbsp;<\/p>\n<h1><strong>Como declarar o Tax Return?<\/strong><\/h1>\n<p>O documento mais importante deste processo \u00e9 o chamado Payment Summary (ou Group Certificate). Este documento deve ser entregue pela empresa a partir do dia 1\u00ba de julho de cada ano, mas esta data n\u00e3o \u00e9 r\u00edgida. Muitas empresas demoram alguns dias para preparar este relat\u00f3rio. Vale lembrar que para quem trabalhou em mais de uma empresa durante o ano fiscal, ser\u00e1 necess\u00e1rio recolher o Payment Summary de cada uma delas. Ao recolher todos estes documentos, junte com o Passaporte, o Tax File Number e os pr\u00f3prios dados banc\u00e1rios.<\/p>\n<p>O prazo final para a entrega da declara\u00e7\u00e3o \u00e9 31 de outubro todos os anos, mas n\u00e3o deixe para a \u00faltima hora.<\/p>\n<p>&nbsp;<\/p>\n<h1><strong>Dica Importante<\/strong><\/h1>\n<p>Ao come\u00e7ar a trabalhar na Austr\u00e1lia, a empresa exigir\u00e1 o preenchimento de um documento que utilizar\u00e1 o Tax File Number. O formul\u00e1rio \u00e9 de cor rosa e uma das perguntas \u00e9 sobre o status de resid\u00eancia do estudante. Aten\u00e7\u00e3o: o visto de estudante permite usar o status de residente para recolher impostos. A taxa de imposto aplicada para n\u00e3o-residente \u00e9 alt\u00edssima, chegando a 48% sobre a renda total. Vale lembrar que o visto de estudante n\u00e3o \u00e9 visto de residente e este status s\u00f3 pode ser atribu\u00eddo ao \u00e2mbito tarif\u00e1rio.<\/p>\n<p>Para aqueles que tenham sido cadastrados como n\u00e3o-residente, \u00e9 poss\u00edvel mudar o status para residente no Australian Taxation Office mais pr\u00f3ximo. N\u00e3o perca tempo, pois sido significa perda de dinheiro.<\/p>\n<p>Para esclarecer melhor as d\u00favidas ou saber mais sobre situa\u00e7\u00f5es espec\u00edficas, entre em contato com a Hello Australia, ou consulte qualquer uma das ag\u00eancias.<\/p>\n<p>&nbsp;<\/p>\n<h1><strong>ABN \u2013 Australian Business Number<\/strong><\/h1>\n<p>Outro documento trabalhista que pode ser usado \u00e9 o ABN \u2013 Australian Business Number (Inscri\u00e7\u00e3o de Neg\u00f3cios Australiana). Trata-se de um n\u00famero de registro que autoriza o estudante trabalhar e cobrar legalmente por servi\u00e7os prestados. Ao solicitar o ABN, \u00e9 preciso descrever as caracter\u00edsticas do trabalho a ser realizado. Isso \u00e9 necess\u00e1rio para identificar a tarifa\u00e7\u00e3o aplicada.<\/p>\n<p>Tirar o ABN \u00e9 muito simples e nada burocr\u00e1tico na Austr\u00e1lia. Tudo pode ser feito pela Internet ou pelo telefone e o ABN \u00e9 usado para voc\u00ea prestar determinados tipos de servi\u00e7os como terceirizado. Quem optar por este tipo de servi\u00e7o dever\u00e1, ao t\u00e9rmino do ano fiscal, declarar Imposto de Renda atrav\u00e9s da apresenta\u00e7\u00e3o de todos os Invoices (cobran\u00e7as) emitidos para os clientes durante o ano fiscal. \u00c9 aconselh\u00e1vel utilizar um contador australiano para auxiliar neste procedimento, evitando assim, qualquer engano. A Hello Australia pode auxiliar bastante.<\/p>\n","protected":false},"excerpt":{"rendered":"<p>Permiss\u00f5es Na Austr\u00e1lia, o portador do visto de estudante (para quem est\u00e1 matriculado em curso de, pelo menos, tr\u00eas meses) tem a permiss\u00e3o de trabalhar 48h quinzenais, a partir do primeiro dia de aula. Durante o per\u00edodo de f\u00e9rias (um m\u00eas ap\u00f3s o t\u00e9rmino do curso), o estudante tem permiss\u00e3o para trabalhar full-time. Ou seja, &hellip; <a href=\"https:\/\/hellostudy.com.br\/ha\/estudo-trabalho\/\" class=\"more-link\">Continue reading <span class=\"screen-reader-text\">Estudo\/Trabalho<\/span><\/a><\/p>\n","protected":false},"author":1,"featured_media":0,"parent":0,"menu_order":0,"comment_status":"closed","ping_status":"closed","template":"","meta":{"_joinchat":[]},"acf":[],"yoast_head":"<!-- This site is optimized with the Yoast SEO plugin v19.6.1 - https:\/\/yoast.com\/wordpress\/plugins\/seo\/ -->\n<title>Estudo\/Trabalho - Hello Australia | Interc\u00e2mbio<\/title>\n<meta name=\"robots\" content=\"index, follow, max-snippet:-1, max-image-preview:large, max-video-preview:-1\" \/>\n<link rel=\"canonical\" href=\"https:\/\/hellostudy.com.br\/ha\/estudo-trabalho\/\" \/>\n<meta property=\"og:locale\" content=\"pt_BR\" \/>\n<meta property=\"og:type\" content=\"article\" \/>\n<meta property=\"og:title\" content=\"Estudo\/Trabalho - Hello Australia | Interc\u00e2mbio\" \/>\n<meta property=\"og:description\" content=\"Permiss\u00f5es Na Austr\u00e1lia, o portador do visto de estudante (para quem est\u00e1 matriculado em curso de, pelo menos, tr\u00eas meses) tem a permiss\u00e3o de trabalhar 48h quinzenais, a partir do primeiro dia de aula. Durante o per\u00edodo de f\u00e9rias (um m\u00eas ap\u00f3s o t\u00e9rmino do curso), o estudante tem permiss\u00e3o para trabalhar full-time. Ou seja, &hellip; Continue reading Estudo\/Trabalho\" \/>\n<meta property=\"og:url\" content=\"https:\/\/hellostudy.com.br\/ha\/estudo-trabalho\/\" \/>\n<meta property=\"og:site_name\" content=\"Hello Australia | Interc\u00e2mbio\" \/>\n<meta property=\"article:modified_time\" content=\"2024-01-11T16:40:24+00:00\" \/>\n<meta name=\"twitter:card\" content=\"summary_large_image\" \/>\n<meta name=\"twitter:label1\" content=\"Est. tempo de leitura\" \/>\n\t<meta name=\"twitter:data1\" content=\"5 minutos\" \/>\n<script type=\"application\/ld+json\" class=\"yoast-schema-graph\">{\"@context\":\"https:\/\/schema.org\",\"@graph\":[{\"@type\":\"WebPage\",\"@id\":\"https:\/\/hellostudy.com.br\/ha\/estudo-trabalho\/\",\"url\":\"https:\/\/hellostudy.com.br\/ha\/estudo-trabalho\/\",\"name\":\"Estudo\/Trabalho - Hello Australia | Interc\u00e2mbio\",\"isPartOf\":{\"@id\":\"https:\/\/hellostudy.com.br\/ha\/#website\"},\"datePublished\":\"2020-11-15T18:37:58+00:00\",\"dateModified\":\"2024-01-11T16:40:24+00:00\",\"breadcrumb\":{\"@id\":\"https:\/\/hellostudy.com.br\/ha\/estudo-trabalho\/#breadcrumb\"},\"inLanguage\":\"pt-BR\",\"potentialAction\":[{\"@type\":\"ReadAction\",\"target\":[\"https:\/\/hellostudy.com.br\/ha\/estudo-trabalho\/\"]}]},{\"@type\":\"BreadcrumbList\",\"@id\":\"https:\/\/hellostudy.com.br\/ha\/estudo-trabalho\/#breadcrumb\",\"itemListElement\":[{\"@type\":\"ListItem\",\"position\":1,\"name\":\"In\u00edcio\",\"item\":\"https:\/\/hellostudy.com.br\/ha\/\"},{\"@type\":\"ListItem\",\"position\":2,\"name\":\"Estudo\/Trabalho\"}]},{\"@type\":\"WebSite\",\"@id\":\"https:\/\/hellostudy.com.br\/ha\/#website\",\"url\":\"https:\/\/hellostudy.com.br\/ha\/\",\"name\":\"Hello Australia | Interc\u00e2mbio\",\"description\":\"\",\"potentialAction\":[{\"@type\":\"SearchAction\",\"target\":{\"@type\":\"EntryPoint\",\"urlTemplate\":\"https:\/\/hellostudy.com.br\/ha\/?s={search_term_string}\"},\"query-input\":\"required name=search_term_string\"}],\"inLanguage\":\"pt-BR\"}]}<\/script>\n<!-- \/ Yoast SEO plugin. -->","yoast_head_json":{"title":"Estudo\/Trabalho - Hello Australia | Interc\u00e2mbio","robots":{"index":"index","follow":"follow","max-snippet":"max-snippet:-1","max-image-preview":"max-image-preview:large","max-video-preview":"max-video-preview:-1"},"canonical":"https:\/\/hellostudy.com.br\/ha\/estudo-trabalho\/","og_locale":"pt_BR","og_type":"article","og_title":"Estudo\/Trabalho - Hello Australia | Interc\u00e2mbio","og_description":"Permiss\u00f5es Na Austr\u00e1lia, o portador do visto de estudante (para quem est\u00e1 matriculado em curso de, pelo menos, tr\u00eas meses) tem a permiss\u00e3o de trabalhar 48h quinzenais, a partir do primeiro dia de aula. Durante o per\u00edodo de f\u00e9rias (um m\u00eas ap\u00f3s o t\u00e9rmino do curso), o estudante tem permiss\u00e3o para trabalhar full-time. Ou seja, &hellip; Continue reading Estudo\/Trabalho","og_url":"https:\/\/hellostudy.com.br\/ha\/estudo-trabalho\/","og_site_name":"Hello Australia | Interc\u00e2mbio","article_modified_time":"2024-01-11T16:40:24+00:00","twitter_card":"summary_large_image","twitter_misc":{"Est. tempo de leitura":"5 minutos"},"schema":{"@context":"https:\/\/schema.org","@graph":[{"@type":"WebPage","@id":"https:\/\/hellostudy.com.br\/ha\/estudo-trabalho\/","url":"https:\/\/hellostudy.com.br\/ha\/estudo-trabalho\/","name":"Estudo\/Trabalho - Hello Australia | Interc\u00e2mbio","isPartOf":{"@id":"https:\/\/hellostudy.com.br\/ha\/#website"},"datePublished":"2020-11-15T18:37:58+00:00","dateModified":"2024-01-11T16:40:24+00:00","breadcrumb":{"@id":"https:\/\/hellostudy.com.br\/ha\/estudo-trabalho\/#breadcrumb"},"inLanguage":"pt-BR","potentialAction":[{"@type":"ReadAction","target":["https:\/\/hellostudy.com.br\/ha\/estudo-trabalho\/"]}]},{"@type":"BreadcrumbList","@id":"https:\/\/hellostudy.com.br\/ha\/estudo-trabalho\/#breadcrumb","itemListElement":[{"@type":"ListItem","position":1,"name":"In\u00edcio","item":"https:\/\/hellostudy.com.br\/ha\/"},{"@type":"ListItem","position":2,"name":"Estudo\/Trabalho"}]},{"@type":"WebSite","@id":"https:\/\/hellostudy.com.br\/ha\/#website","url":"https:\/\/hellostudy.com.br\/ha\/","name":"Hello Australia | Interc\u00e2mbio","description":"","potentialAction":[{"@type":"SearchAction","target":{"@type":"EntryPoint","urlTemplate":"https:\/\/hellostudy.com.br\/ha\/?s={search_term_string}"},"query-input":"required name=search_term_string"}],"inLanguage":"pt-BR"}]}},"_links":{"self":[{"href":"https:\/\/hellostudy.com.br\/ha\/wp-json\/wp\/v2\/pages\/200"}],"collection":[{"href":"https:\/\/hellostudy.com.br\/ha\/wp-json\/wp\/v2\/pages"}],"about":[{"href":"https:\/\/hellostudy.com.br\/ha\/wp-json\/wp\/v2\/types\/page"}],"author":[{"embeddable":true,"href":"https:\/\/hellostudy.com.br\/ha\/wp-json\/wp\/v2\/users\/1"}],"replies":[{"embeddable":true,"href":"https:\/\/hellostudy.com.br\/ha\/wp-json\/wp\/v2\/comments?post=200"}],"version-history":[{"count":35,"href":"https:\/\/hellostudy.com.br\/ha\/wp-json\/wp\/v2\/pages\/200\/revisions"}],"predecessor-version":[{"id":1323,"href":"https:\/\/hellostudy.com.br\/ha\/wp-json\/wp\/v2\/pages\/200\/revisions\/1323"}],"wp:attachment":[{"href":"https:\/\/hellostudy.com.br\/ha\/wp-json\/wp\/v2\/media?parent=200"}],"curies":[{"name":"wp","href":"https:\/\/api.w.org\/{rel}","templated":true}]}}