{"id":135,"date":"2020-11-13T15:29:18","date_gmt":"2020-11-13T18:29:18","guid":{"rendered":"http:\/\/novosite.ml\/?page_id=135"},"modified":"2021-02-02T10:47:34","modified_gmt":"2021-02-02T13:47:34","slug":"australia","status":"publish","type":"page","link":"https:\/\/hellostudy.com.br\/ha\/australia\/","title":{"rendered":"Hello Australia"},"content":{"rendered":"<h2><strong><img loading=\"lazy\" class=\"alignnone wp-image-550\" src=\"http:\/\/novosite.ml\/au\/wp-content\/uploads\/2020\/11\/Destino-Australia-Hello-Study-Intercambio-1-300x264.png\" alt=\"\" width=\"138\" height=\"121\" srcset=\"https:\/\/hellostudy.com.br\/ha\/wp-content\/uploads\/2020\/11\/Destino-Australia-Hello-Study-Intercambio-1-300x264.png 300w, https:\/\/hellostudy.com.br\/ha\/wp-content\/uploads\/2020\/11\/Destino-Australia-Hello-Study-Intercambio-1-768x677.png 768w, https:\/\/hellostudy.com.br\/ha\/wp-content\/uploads\/2020\/11\/Destino-Australia-Hello-Study-Intercambio-1.png 979w\" sizes=\"(max-width: 138px) 100vw, 138px\" \/>Sobre a Austr\u00e1lia<\/strong><\/h2>\n<p>Se para seu interc\u00e2mbio voc\u00ea est\u00e1 procurando um pa\u00eds com clima similar ao do Brasil, seguro e com \u00f3tima qualidade de vida, seu destino certamente \u00e9 a Austr\u00e1lia.<\/p>\n<p>Neste pa\u00eds de dimens\u00f5es continentais, voc\u00ea encontra praias paradis\u00edacas, paisagens incr\u00edveis e um povo hospitaleiro, al\u00e9m de diversas op\u00e7\u00f5es de turismo e lazer.<\/p>\n<p>Os estudantes que procuram qualidade de vida durante seu interc\u00e2mbio tamb\u00e9m encontram na Austr\u00e1lia uma excelente op\u00e7\u00e3o para suprir suas necessidades. Isso porque, em pesquisa realizada pela revista inglesa \u201cThe Economist\u201d, quatro das melhores cidades para se viver no mundo s\u00e3o australianas. Levando em considera\u00e7\u00e3o pontos como seguran\u00e7a, sa\u00fade, recursos educacionais, infraestrutura e meio ambiente, Melbourne ficou na primeira posi\u00e7\u00e3o, enquanto Adelaide e Perth ficaram na sexta e s\u00e9tima coloca\u00e7\u00f5es, respectivamente.<\/p>\n<p>Os amantes dos esportes tamb\u00e9m t\u00eam muitas op\u00e7\u00f5es de eventos na Austr\u00e1lia, j\u00e1 que o pais \u00e9 sede de etapas do circuito mundial de Surf (Gold Coast, Bells Beach e Margaret Rivers), da F\u00f3rmula-1 (Melbourne) e de torneios de t\u00eanis, como o Australian Open (Melbourne).<\/p>\n<h2><strong>Por que estudar na Austr\u00e1lia?<\/strong><\/h2>\n<p>O intercambista tem diversos motivos para optar por estudar na Austr\u00e1lia. Al\u00e9m de se um dos pa\u00edses mais seguros e com melhor qualidade de vida do mundo, a Austr\u00e1lia segue de portas abertas para os estudantes internacionais com politicais migrat\u00f3rias que beneficiam \u00e0queles que pretenderem estudar por um per\u00edodo determinado na terra dos cangurus. Diferente de pa\u00edses como Canad\u00e1, Estados Unido e Inglaterra, na Austr\u00e1lia o estudante internacional poder\u00e1 mesmo num curso de ingl\u00eas geral (desde que este curso tenha dura\u00e7\u00e3o de pelo menos 14 semanas), trabalhar legalmente durante seu per\u00edodo de visto. A permiss\u00e3o de trabalho, entretanto, \u00e9 limitada a uma carga hor\u00e1ria de 40h quinzenais.<\/p>\n<p>Al\u00e9m de poder trabalhar e, consequentemente, custear suas despesas durante o interc\u00e2mbio, a Austr\u00e1lia abriga diversas escolas de excelente qualidade, desde institui\u00e7\u00f5es locais como tamb\u00e9m escolas que fazem parte de grandes grupos internacionais de ensino.<\/p>\n<p>Na Austr\u00e1lia, al\u00e9m dos cursos tradicionais de ingl\u00eas, voc\u00ea pode optar tamb\u00e9m por um curso de ingl\u00eas t\u00e9cnico, como Business English, cursos vocacionais voltados para as mais diversas \u00e1reas, e tamb\u00e9m cursos superiores de gradua\u00e7\u00e3o, p\u00f3s-gradua\u00e7\u00e3o e mestrado.<\/p>\n","protected":false},"excerpt":{"rendered":"<p>Sobre a Austr\u00e1lia Se para seu interc\u00e2mbio voc\u00ea est\u00e1 procurando um pa\u00eds com clima similar ao do Brasil, seguro e com \u00f3tima qualidade de vida, seu destino certamente \u00e9 a Austr\u00e1lia. Neste pa\u00eds de dimens\u00f5es continentais, voc\u00ea encontra praias paradis\u00edacas, paisagens incr\u00edveis e um povo hospitaleiro, al\u00e9m de diversas op\u00e7\u00f5es de turismo e lazer. Os &hellip; <a href=\"https:\/\/hellostudy.com.br\/ha\/australia\/\" class=\"more-link\">Continue reading <span class=\"screen-reader-text\">Hello Australia<\/span><\/a><\/p>\n","protected":false},"author":1,"featured_media":144,"parent":0,"menu_order":0,"comment_status":"closed","ping_status":"closed","template":"","meta":{"_joinchat":[]},"acf":[],"yoast_head":"<!-- This site is optimized with the Yoast SEO plugin v19.6.1 - https:\/\/yoast.com\/wordpress\/plugins\/seo\/ -->\n<title>Hello Australia - Hello Australia | Interc\u00e2mbio<\/title>\n<meta name=\"robots\" content=\"index, follow, max-snippet:-1, max-image-preview:large, max-video-preview:-1\" \/>\n<link rel=\"canonical\" href=\"https:\/\/hellostudy.com.br\/ha\/australia\/\" \/>\n<meta property=\"og:locale\" content=\"pt_BR\" \/>\n<meta property=\"og:type\" content=\"article\" \/>\n<meta property=\"og:title\" content=\"Hello Australia - Hello Australia | Interc\u00e2mbio\" \/>\n<meta property=\"og:description\" content=\"Sobre a Austr\u00e1lia Se para seu interc\u00e2mbio voc\u00ea est\u00e1 procurando um pa\u00eds com clima similar ao do Brasil, seguro e com \u00f3tima qualidade de vida, seu destino certamente \u00e9 a Austr\u00e1lia. Neste pa\u00eds de dimens\u00f5es continentais, voc\u00ea encontra praias paradis\u00edacas, paisagens incr\u00edveis e um povo hospitaleiro, al\u00e9m de diversas op\u00e7\u00f5es de turismo e lazer. Os &hellip; Continue reading Hello Australia\" \/>\n<meta property=\"og:url\" content=\"https:\/\/hellostudy.com.br\/ha\/australia\/\" \/>\n<meta property=\"og:site_name\" content=\"Hello Australia | Interc\u00e2mbio\" \/>\n<meta property=\"article:modified_time\" content=\"2021-02-02T13:47:34+00:00\" \/>\n<meta property=\"og:image\" content=\"https:\/\/hellostudy.com.br\/ha\/wp-content\/uploads\/2020\/11\/Destino-Australia-Hello-Study-Intercambio.png\" \/>\n\t<meta property=\"og:image:width\" content=\"170\" \/>\n\t<meta property=\"og:image:height\" content=\"170\" \/>\n\t<meta property=\"og:image:type\" content=\"image\/png\" \/>\n<meta name=\"twitter:card\" content=\"summary_large_image\" \/>\n<meta name=\"twitter:label1\" content=\"Est. tempo de leitura\" \/>\n\t<meta name=\"twitter:data1\" content=\"2 minutos\" \/>\n<script type=\"application\/ld+json\" class=\"yoast-schema-graph\">{\"@context\":\"https:\/\/schema.org\",\"@graph\":[{\"@type\":\"WebPage\",\"@id\":\"https:\/\/hellostudy.com.br\/ha\/australia\/\",\"url\":\"https:\/\/hellostudy.com.br\/ha\/australia\/\",\"name\":\"Hello Australia - Hello Australia | Interc\u00e2mbio\",\"isPartOf\":{\"@id\":\"https:\/\/hellostudy.com.br\/ha\/#website\"},\"datePublished\":\"2020-11-13T18:29:18+00:00\",\"dateModified\":\"2021-02-02T13:47:34+00:00\",\"breadcrumb\":{\"@id\":\"https:\/\/hellostudy.com.br\/ha\/australia\/#breadcrumb\"},\"inLanguage\":\"pt-BR\",\"potentialAction\":[{\"@type\":\"ReadAction\",\"target\":[\"https:\/\/hellostudy.com.br\/ha\/australia\/\"]}]},{\"@type\":\"BreadcrumbList\",\"@id\":\"https:\/\/hellostudy.com.br\/ha\/australia\/#breadcrumb\",\"itemListElement\":[{\"@type\":\"ListItem\",\"position\":1,\"name\":\"In\u00edcio\",\"item\":\"https:\/\/hellostudy.com.br\/ha\/\"},{\"@type\":\"ListItem\",\"position\":2,\"name\":\"Hello Australia\"}]},{\"@type\":\"WebSite\",\"@id\":\"https:\/\/hellostudy.com.br\/ha\/#website\",\"url\":\"https:\/\/hellostudy.com.br\/ha\/\",\"name\":\"Hello Australia | Interc\u00e2mbio\",\"description\":\"\",\"potentialAction\":[{\"@type\":\"SearchAction\",\"target\":{\"@type\":\"EntryPoint\",\"urlTemplate\":\"https:\/\/hellostudy.com.br\/ha\/?s={search_term_string}\"},\"query-input\":\"required name=search_term_string\"}],\"inLanguage\":\"pt-BR\"}]}<\/script>\n<!-- \/ Yoast SEO plugin. -->","yoast_head_json":{"title":"Hello Australia - Hello Australia | Interc\u00e2mbio","robots":{"index":"index","follow":"follow","max-snippet":"max-snippet:-1","max-image-preview":"max-image-preview:large","max-video-preview":"max-video-preview:-1"},"canonical":"https:\/\/hellostudy.com.br\/ha\/australia\/","og_locale":"pt_BR","og_type":"article","og_title":"Hello Australia - Hello Australia | Interc\u00e2mbio","og_description":"Sobre a Austr\u00e1lia Se para seu interc\u00e2mbio voc\u00ea est\u00e1 procurando um pa\u00eds com clima similar ao do Brasil, seguro e com \u00f3tima qualidade de vida, seu destino certamente \u00e9 a Austr\u00e1lia. Neste pa\u00eds de dimens\u00f5es continentais, voc\u00ea encontra praias paradis\u00edacas, paisagens incr\u00edveis e um povo hospitaleiro, al\u00e9m de diversas op\u00e7\u00f5es de turismo e lazer. Os &hellip; Continue reading Hello Australia","og_url":"https:\/\/hellostudy.com.br\/ha\/australia\/","og_site_name":"Hello Australia | Interc\u00e2mbio","article_modified_time":"2021-02-02T13:47:34+00:00","og_image":[{"width":170,"height":170,"url":"https:\/\/hellostudy.com.br\/ha\/wp-content\/uploads\/2020\/11\/Destino-Australia-Hello-Study-Intercambio.png","type":"image\/png"}],"twitter_card":"summary_large_image","twitter_misc":{"Est. tempo de leitura":"2 minutos"},"schema":{"@context":"https:\/\/schema.org","@graph":[{"@type":"WebPage","@id":"https:\/\/hellostudy.com.br\/ha\/australia\/","url":"https:\/\/hellostudy.com.br\/ha\/australia\/","name":"Hello Australia - Hello Australia | Interc\u00e2mbio","isPartOf":{"@id":"https:\/\/hellostudy.com.br\/ha\/#website"},"datePublished":"2020-11-13T18:29:18+00:00","dateModified":"2021-02-02T13:47:34+00:00","breadcrumb":{"@id":"https:\/\/hellostudy.com.br\/ha\/australia\/#breadcrumb"},"inLanguage":"pt-BR","potentialAction":[{"@type":"ReadAction","target":["https:\/\/hellostudy.com.br\/ha\/australia\/"]}]},{"@type":"BreadcrumbList","@id":"https:\/\/hellostudy.com.br\/ha\/australia\/#breadcrumb","itemListElement":[{"@type":"ListItem","position":1,"name":"In\u00edcio","item":"https:\/\/hellostudy.com.br\/ha\/"},{"@type":"ListItem","position":2,"name":"Hello Australia"}]},{"@type":"WebSite","@id":"https:\/\/hellostudy.com.br\/ha\/#website","url":"https:\/\/hellostudy.com.br\/ha\/","name":"Hello Australia | Interc\u00e2mbio","description":"","potentialAction":[{"@type":"SearchAction","target":{"@type":"EntryPoint","urlTemplate":"https:\/\/hellostudy.com.br\/ha\/?s={search_term_string}"},"query-input":"required name=search_term_string"}],"inLanguage":"pt-BR"}]}},"_links":{"self":[{"href":"https:\/\/hellostudy.com.br\/ha\/wp-json\/wp\/v2\/pages\/135"}],"collection":[{"href":"https:\/\/hellostudy.com.br\/ha\/wp-json\/wp\/v2\/pages"}],"about":[{"href":"https:\/\/hellostudy.com.br\/ha\/wp-json\/wp\/v2\/types\/page"}],"author":[{"embeddable":true,"href":"https:\/\/hellostudy.com.br\/ha\/wp-json\/wp\/v2\/users\/1"}],"replies":[{"embeddable":true,"href":"https:\/\/hellostudy.com.br\/ha\/wp-json\/wp\/v2\/comments?post=135"}],"version-history":[{"count":12,"href":"https:\/\/hellostudy.com.br\/ha\/wp-json\/wp\/v2\/pages\/135\/revisions"}],"predecessor-version":[{"id":1248,"href":"https:\/\/hellostudy.com.br\/ha\/wp-json\/wp\/v2\/pages\/135\/revisions\/1248"}],"wp:featuredmedia":[{"embeddable":true,"href":"https:\/\/hellostudy.com.br\/ha\/wp-json\/wp\/v2\/media\/144"}],"wp:attachment":[{"href":"https:\/\/hellostudy.com.br\/ha\/wp-json\/wp\/v2\/media?parent=135"}],"curies":[{"name":"wp","href":"https:\/\/api.w.org\/{rel}","templated":true}]}}