{"id":119,"date":"2020-11-13T15:14:34","date_gmt":"2020-11-13T18:14:34","guid":{"rendered":"http:\/\/novosite.ml\/?page_id=119"},"modified":"2021-02-02T10:58:35","modified_gmt":"2021-02-02T13:58:35","slug":"outros-destinos","status":"publish","type":"page","link":"https:\/\/hellostudy.com.br\/ha\/outros-destinos\/","title":{"rendered":"Outros Destinos"},"content":{"rendered":"<p>Se voc\u00ea quer aprender ingl\u00eas no exterior e quer conhecer outros pa\u00edses, al\u00e9m da Austr\u00e1lia, voc\u00ea est\u00e1 no lugar certo. Escolha abaixo um dos outros quatro pa\u00edsesem que pretende estudar, conhe\u00e7a mais sobre o destino e n\u00f3s lhe ajudaremos em todo o processo.<\/p>\n","protected":false},"excerpt":{"rendered":"<p>Se voc\u00ea quer aprender ingl\u00eas no exterior e quer conhecer outros pa\u00edses, al\u00e9m da Austr\u00e1lia, voc\u00ea est\u00e1 no lugar certo. Escolha abaixo um dos outros quatro pa\u00edsesem que pretende estudar, conhe\u00e7a mais sobre o destino e n\u00f3s lhe ajudaremos em todo o processo.<\/p>\n","protected":false},"author":1,"featured_media":0,"parent":0,"menu_order":0,"comment_status":"closed","ping_status":"closed","template":"","meta":{"_joinchat":[]},"acf":[],"yoast_head":"<!-- This site is optimized with the Yoast SEO plugin v19.6.1 - https:\/\/yoast.com\/wordpress\/plugins\/seo\/ -->\n<title>Outros Destinos - Hello Australia | Interc\u00e2mbio<\/title>\n<meta name=\"robots\" content=\"index, follow, max-snippet:-1, max-image-preview:large, max-video-preview:-1\" \/>\n<link rel=\"canonical\" href=\"https:\/\/hellostudy.com.br\/ha\/outros-destinos\/\" \/>\n<meta property=\"og:locale\" content=\"pt_BR\" \/>\n<meta property=\"og:type\" content=\"article\" \/>\n<meta property=\"og:title\" content=\"Outros Destinos - Hello Australia | Interc\u00e2mbio\" \/>\n<meta property=\"og:description\" content=\"Se voc\u00ea quer aprender ingl\u00eas no exterior e quer conhecer outros pa\u00edses, al\u00e9m da Austr\u00e1lia, voc\u00ea est\u00e1 no lugar certo. Escolha abaixo um dos outros quatro pa\u00edsesem que pretende estudar, conhe\u00e7a mais sobre o destino e n\u00f3s lhe ajudaremos em todo o processo.\" \/>\n<meta property=\"og:url\" content=\"https:\/\/hellostudy.com.br\/ha\/outros-destinos\/\" \/>\n<meta property=\"og:site_name\" content=\"Hello Australia | Interc\u00e2mbio\" \/>\n<meta property=\"article:modified_time\" content=\"2021-02-02T13:58:35+00:00\" \/>\n<meta name=\"twitter:card\" content=\"summary_large_image\" \/>\n<script type=\"application\/ld+json\" class=\"yoast-schema-graph\">{\"@context\":\"https:\/\/schema.org\",\"@graph\":[{\"@type\":\"WebPage\",\"@id\":\"https:\/\/hellostudy.com.br\/ha\/outros-destinos\/\",\"url\":\"https:\/\/hellostudy.com.br\/ha\/outros-destinos\/\",\"name\":\"Outros Destinos - Hello Australia | Interc\u00e2mbio\",\"isPartOf\":{\"@id\":\"https:\/\/hellostudy.com.br\/ha\/#website\"},\"datePublished\":\"2020-11-13T18:14:34+00:00\",\"dateModified\":\"2021-02-02T13:58:35+00:00\",\"breadcrumb\":{\"@id\":\"https:\/\/hellostudy.com.br\/ha\/outros-destinos\/#breadcrumb\"},\"inLanguage\":\"pt-BR\",\"potentialAction\":[{\"@type\":\"ReadAction\",\"target\":[\"https:\/\/hellostudy.com.br\/ha\/outros-destinos\/\"]}]},{\"@type\":\"BreadcrumbList\",\"@id\":\"https:\/\/hellostudy.com.br\/ha\/outros-destinos\/#breadcrumb\",\"itemListElement\":[{\"@type\":\"ListItem\",\"position\":1,\"name\":\"In\u00edcio\",\"item\":\"https:\/\/hellostudy.com.br\/ha\/\"},{\"@type\":\"ListItem\",\"position\":2,\"name\":\"Outros Destinos\"}]},{\"@type\":\"WebSite\",\"@id\":\"https:\/\/hellostudy.com.br\/ha\/#website\",\"url\":\"https:\/\/hellostudy.com.br\/ha\/\",\"name\":\"Hello Australia | Interc\u00e2mbio\",\"description\":\"\",\"potentialAction\":[{\"@type\":\"SearchAction\",\"target\":{\"@type\":\"EntryPoint\",\"urlTemplate\":\"https:\/\/hellostudy.com.br\/ha\/?s={search_term_string}\"},\"query-input\":\"required name=search_term_string\"}],\"inLanguage\":\"pt-BR\"}]}<\/script>\n<!-- \/ Yoast SEO plugin. -->","yoast_head_json":{"title":"Outros Destinos - Hello Australia | Interc\u00e2mbio","robots":{"index":"index","follow":"follow","max-snippet":"max-snippet:-1","max-image-preview":"max-image-preview:large","max-video-preview":"max-video-preview:-1"},"canonical":"https:\/\/hellostudy.com.br\/ha\/outros-destinos\/","og_locale":"pt_BR","og_type":"article","og_title":"Outros Destinos - Hello Australia | Interc\u00e2mbio","og_description":"Se voc\u00ea quer aprender ingl\u00eas no exterior e quer conhecer outros pa\u00edses, al\u00e9m da Austr\u00e1lia, voc\u00ea est\u00e1 no lugar certo. Escolha abaixo um dos outros quatro pa\u00edsesem que pretende estudar, conhe\u00e7a mais sobre o destino e n\u00f3s lhe ajudaremos em todo o processo.","og_url":"https:\/\/hellostudy.com.br\/ha\/outros-destinos\/","og_site_name":"Hello Australia | Interc\u00e2mbio","article_modified_time":"2021-02-02T13:58:35+00:00","twitter_card":"summary_large_image","schema":{"@context":"https:\/\/schema.org","@graph":[{"@type":"WebPage","@id":"https:\/\/hellostudy.com.br\/ha\/outros-destinos\/","url":"https:\/\/hellostudy.com.br\/ha\/outros-destinos\/","name":"Outros Destinos - Hello Australia | Interc\u00e2mbio","isPartOf":{"@id":"https:\/\/hellostudy.com.br\/ha\/#website"},"datePublished":"2020-11-13T18:14:34+00:00","dateModified":"2021-02-02T13:58:35+00:00","breadcrumb":{"@id":"https:\/\/hellostudy.com.br\/ha\/outros-destinos\/#breadcrumb"},"inLanguage":"pt-BR","potentialAction":[{"@type":"ReadAction","target":["https:\/\/hellostudy.com.br\/ha\/outros-destinos\/"]}]},{"@type":"BreadcrumbList","@id":"https:\/\/hellostudy.com.br\/ha\/outros-destinos\/#breadcrumb","itemListElement":[{"@type":"ListItem","position":1,"name":"In\u00edcio","item":"https:\/\/hellostudy.com.br\/ha\/"},{"@type":"ListItem","position":2,"name":"Outros Destinos"}]},{"@type":"WebSite","@id":"https:\/\/hellostudy.com.br\/ha\/#website","url":"https:\/\/hellostudy.com.br\/ha\/","name":"Hello Australia | Interc\u00e2mbio","description":"","potentialAction":[{"@type":"SearchAction","target":{"@type":"EntryPoint","urlTemplate":"https:\/\/hellostudy.com.br\/ha\/?s={search_term_string}"},"query-input":"required name=search_term_string"}],"inLanguage":"pt-BR"}]}},"_links":{"self":[{"href":"https:\/\/hellostudy.com.br\/ha\/wp-json\/wp\/v2\/pages\/119"}],"collection":[{"href":"https:\/\/hellostudy.com.br\/ha\/wp-json\/wp\/v2\/pages"}],"about":[{"href":"https:\/\/hellostudy.com.br\/ha\/wp-json\/wp\/v2\/types\/page"}],"author":[{"embeddable":true,"href":"https:\/\/hellostudy.com.br\/ha\/wp-json\/wp\/v2\/users\/1"}],"replies":[{"embeddable":true,"href":"https:\/\/hellostudy.com.br\/ha\/wp-json\/wp\/v2\/comments?post=119"}],"version-history":[{"count":9,"href":"https:\/\/hellostudy.com.br\/ha\/wp-json\/wp\/v2\/pages\/119\/revisions"}],"predecessor-version":[{"id":1173,"href":"https:\/\/hellostudy.com.br\/ha\/wp-json\/wp\/v2\/pages\/119\/revisions\/1173"}],"wp:attachment":[{"href":"https:\/\/hellostudy.com.br\/ha\/wp-json\/wp\/v2\/media?parent=119"}],"curies":[{"name":"wp","href":"https:\/\/api.w.org\/{rel}","templated":true}]}}